{"id":1137,"date":"2021-08-06T15:21:11","date_gmt":"2021-08-06T15:21:11","guid":{"rendered":"https:\/\/www.sinusitistreatmentnyc.com\/?page_id=1137"},"modified":"2025-11-12T11:18:12","modified_gmt":"2025-11-12T11:18:12","slug":"contacto","status":"publish","type":"page","link":"https:\/\/www.sinusitistreatmentnyc.com\/es\/contacto\/","title":{"rendered":"Cont\u00e1ctenos"},"content":{"rendered":"<h1>P\u00f3ngase en contacto con el Dr. Levitin<br \/>en Open Sinus<\/h1>\n<div class=\"row align-items-center\">\n<div class=\"col-md-6\">\n<p>Programe una consulta:<\/p>\n<script type=\"text\/javascript\">\n\/* <![CDATA[ *\/\nvar gform;gform||(document.addEventListener(\"gform_main_scripts_loaded\",function(){gform.scriptsLoaded=!0}),document.addEventListener(\"gform\/theme\/scripts_loaded\",function(){gform.themeScriptsLoaded=!0}),window.addEventListener(\"DOMContentLoaded\",function(){gform.domLoaded=!0}),gform={domLoaded:!1,scriptsLoaded:!1,themeScriptsLoaded:!1,isFormEditor:()=>\"function\"==typeof InitializeEditor,callIfLoaded:function(o){return!(!gform.domLoaded||!gform.scriptsLoaded||!gform.themeScriptsLoaded&&!gform.isFormEditor()||(gform.isFormEditor()&&console.warn(\"The use of gform.initializeOnLoaded() is deprecated in the form editor context and will be removed in Gravity Forms 3.1.\"),o(),0))},initializeOnLoaded:function(o){gform.callIfLoaded(o)||(document.addEventListener(\"gform_main_scripts_loaded\",()=>{gform.scriptsLoaded=!0,gform.callIfLoaded(o)}),document.addEventListener(\"gform\/theme\/scripts_loaded\",()=>{gform.themeScriptsLoaded=!0,gform.callIfLoaded(o)}),window.addEventListener(\"DOMContentLoaded\",()=>{gform.domLoaded=!0,gform.callIfLoaded(o)}))},hooks:{action:{},filter:{}},addAction:function(o,r,e,t){gform.addHook(\"action\",o,r,e,t)},addFilter:function(o,r,e,t){gform.addHook(\"filter\",o,r,e,t)},doAction:function(o){gform.doHook(\"action\",o,arguments)},applyFilters:function(o){return gform.doHook(\"filter\",o,arguments)},removeAction:function(o,r){gform.removeHook(\"action\",o,r)},removeFilter:function(o,r,e){gform.removeHook(\"filter\",o,r,e)},addHook:function(o,r,e,t,n){null==gform.hooks[o][r]&&(gform.hooks[o][r]=[]);var d=gform.hooks[o][r];null==n&&(n=r+\"_\"+d.length),gform.hooks[o][r].push({tag:n,callable:e,priority:t=null==t?10:t})},doHook:function(r,o,e){var t;if(e=Array.prototype.slice.call(e,1),null!=gform.hooks[r][o]&&((o=gform.hooks[r][o]).sort(function(o,r){return o.priority-r.priority}),o.forEach(function(o){\"function\"!=typeof(t=o.callable)&&(t=window[t]),\"action\"==r?t.apply(null,e):e[0]=t.apply(null,e)})),\"filter\"==r)return e[0]},removeHook:function(o,r,t,n){var e;null!=gform.hooks[o][r]&&(e=(e=gform.hooks[o][r]).filter(function(o,r,e){return!!(null!=n&&n!=o.tag||null!=t&&t!=o.priority)}),gform.hooks[o][r]=e)}});\n\/* ]]> *\/\n<\/script>\n\n                <div class='gf_browser_gecko gform_wrapper gravity-theme gform-theme--no-framework' data-form-theme='gravity-theme' data-form-index='0' id='gform_wrapper_3' >\n                        <div class='gform_heading'>\n                            <p class='gform_description'><\/p>\n\t\t\t\t\t\t\t<p class='gform_required_legend'>&quot;<span class=\"gfield_required gfield_required_custom\">(Obligatorio)<\/span>&quot; se\u00f1ala los campos obligatorios<\/p>\n                        <\/div><form method='post' enctype='multipart\/form-data'  id='gform_3'  action='\/es\/wp-json\/wp\/v2\/pages\/1137' data-formid='3' novalidate>\t\t\t\t\t<div style=\"display: none !important;\" class=\"akismet-fields-container gf_invisible\" data-prefix=\"ak_\">\n\t\t\t\t\t\t<label>&#916;<textarea name=\"ak_hp_textarea\" cols=\"45\" rows=\"8\" maxlength=\"100\"><\/textarea><\/label>\n\t\t\t\t\t\t<input type=\"hidden\" id=\"ak_js_1\" name=\"ak_js\" value=\"11\" \/>\n\t\t\t\t\t\t<script type=\"text\/javascript\">\n\/* <![CDATA[ *\/\ndocument.getElementById( \"ak_js_1\" ).setAttribute( \"value\", ( new Date() ).getTime() );\n\/* ]]> *\/\n<\/script>\n\n\t\t\t\t\t<\/div>\n                        <div class='gform-body gform_body'><div id='gform_fields_3' class='gform_fields top_label form_sublabel_below description_below validation_below'><div id=\"field_3_9\" class=\"gfield gfield--type-honeypot gform_validation_container field_sublabel_below gfield--has-description field_description_below field_validation_below gfield_visibility_visible\"  ><label class='gfield_label gform-field-label' for='input_3_9'>Comments<\/label><div class='ginput_container'><input name='input_9' id='input_3_9' type='text' value='' autocomplete='new-password'\/><\/div><div class='gfield_description' id='gfield_description_3_9'>Este campo es un campo de validaci\u00f3n y debe quedar sin cambios.<\/div><\/div><div id=\"field_3_1\" class=\"gfield gfield--type-text gfield--input-type-text gfield_contains_required field_sublabel_below gfield--no-description field_description_below field_validation_below gfield_visibility_visible\"  ><label class='gfield_label gform-field-label' for='input_3_1'>Nombre<span class=\"gfield_required\"><span class=\"gfield_required gfield_required_custom\">(Obligatorio)<\/span><\/span><\/label><div class='ginput_container ginput_container_text'><input name='input_1' id='input_3_1' type='text' value='' class='large'     aria-required=\"true\" aria-invalid=\"false\"   \/><\/div><\/div><div id=\"field_3_3\" class=\"gfield gfield--type-email gfield--input-type-email gfield--width-full gfield_contains_required field_sublabel_below gfield--no-description field_description_below field_validation_below gfield_visibility_visible\"  ><label class='gfield_label gform-field-label' for='input_3_3'>Correo electr\u00f3nico<span class=\"gfield_required\"><span class=\"gfield_required gfield_required_custom\">(Obligatorio)<\/span><\/span><\/label><div class='ginput_container ginput_container_email'>\n                            <input name='input_3' id='input_3_3' type='email' value='' class='large'    aria-required=\"true\" aria-invalid=\"false\"  \/>\n                        <\/div><\/div><div id=\"field_3_4\" class=\"gfield gfield--type-phone gfield--input-type-phone gfield--width-full gfield_contains_required field_sublabel_below gfield--no-description field_description_below field_validation_below gfield_visibility_visible\"  ><label class='gfield_label gform-field-label' for='input_3_4'>N\u00famero de tel\u00e9fono<span class=\"gfield_required\"><span class=\"gfield_required gfield_required_custom\">(Obligatorio)<\/span><\/span><\/label><div class='ginput_container ginput_container_phone'><input name='input_4' id='input_3_4' type='tel' value='' class='large'   aria-required=\"true\" aria-invalid=\"false\"   \/><\/div><\/div><div id=\"field_3_5\" class=\"gfield gfield--type-select gfield--input-type-select gfield--width-full gfield_contains_required field_sublabel_below gfield--no-description field_description_below field_validation_below gfield_visibility_visible\"  ><label class='gfield_label gform-field-label' for='input_3_5'>Seguro<span class=\"gfield_required\"><span class=\"gfield_required gfield_required_custom\">(Obligatorio)<\/span><\/span><\/label><div class='ginput_container ginput_container_select'><select name='input_5' id='input_3_5' class='large gfield_select'    aria-required=\"true\" aria-invalid=\"false\" ><option value='Aetna' >Aetna<\/option><option value='BCBS (PPO)' >BCBS (PPO)<\/option><option value='Cigna' >Cigna<\/option><option value='GHI' >GHI<\/option><option value='Emblem' >Emblem<\/option><option value='Oxford' >Oxford<\/option><option value='United Healthcare' >United Healthcare<\/option><option value='Medicare' >Medicare<\/option><option value='Fidelis' >Fidelis<\/option><option value='1199 Union' >1199 Union<\/option><option value='NY Hotel Trades' >NY Hotel Trades<\/option><\/select><\/div><\/div><div id=\"field_3_6\" class=\"gfield gfield--type-textarea gfield--input-type-textarea gfield--width-full gfield_contains_required field_sublabel_below gfield--no-description field_description_below field_validation_below gfield_visibility_visible\"  ><label class='gfield_label gform-field-label' for='input_3_6'>Su Mensaje &lt;small&gt;- Por favor, no proporcione ninguna informaci\u00f3n m\u00e9dica en este formulario. Recopilaremos su informaci\u00f3n m\u00e9dica por tel\u00e9fono o durante su cita.&lt;\/small&gt;<span class=\"gfield_required\"><span class=\"gfield_required gfield_required_custom\">(Obligatorio)<\/span><\/span><\/label><div class='ginput_container ginput_container_textarea'><textarea name='input_6' id='input_3_6' class='textarea large'     aria-required=\"true\" aria-invalid=\"false\"   rows='10' cols='50'><\/textarea><\/div><\/div><fieldset id=\"field_3_7\" class=\"gfield gfield--type-consent gfield--type-choice gfield--input-type-consent gfield--width-full gfield_contains_required field_sublabel_below gfield--has-description field_description_above field_validation_below gfield_visibility_visible\"  ><legend class='gfield_label gform-field-label gfield_label_before_complex' >Aviso de uso del formulario<span class=\"gfield_required\"><span class=\"gfield_required gfield_required_custom\">(Obligatorio)<\/span><\/span><\/legend><div class='gfield_description gfield_consent_description' id='gfield_consent_description_3_7' tabindex='0'>Al utilizar este formulario, usted acepta el almacenamiento y manejo de sus datos por parte de este sitio web de acuerdo con nuestra <a href=\"https:\/\/www.sinusitistreatmentnyc.com\/es\/politica-de-privacidad\/\">Pol\u00edtica de Privacidad<\/a>.<br \/>\nEste sitio est\u00e1 protegido por Cloudflare Turnstile y se aplican la <a href=\"https:\/\/www.cloudflare.com\/turnstile-privacy-policy\/\" target=\"_blank\">Pol\u00edtica de Privacidad<\/a> y los <a href=\"https:\/\/www.cloudflare.com\/website-terms\/\" target=\"_blank\">T\u00e9rminos de Servicio<\/a> de Cloudflare.<\/div><div class='ginput_container ginput_container_consent'><input name='input_7.1' id='input_3_7_1' type='checkbox' value='1'  aria-describedby=\"gfield_consent_description_3_7\" aria-required=\"true\" aria-invalid=\"false\"   \/> <label class=\"gform-field-label gform-field-label--type-inline gfield_consent_label\" for='input_3_7_1' >He le\u00eddo y acepto los t\u00e9rminos anteriores.<\/label><input type='hidden' name='input_7.2' value='He le\u00eddo y acepto los t\u00e9rminos anteriores.' class='gform_hidden' \/><input type='hidden' name='input_7.3' value='17' class='gform_hidden' \/><\/div><\/fieldset><div id=\"field_3_8\" class=\"gfield gfield--type-turnstile gfield--input-type-turnstile gfield--width-full field_sublabel_below gfield--no-description field_description_below field_validation_below gfield_visibility_visible\"  ><div class='ginput_container ginput_container_turnstile'><div class=\"cf-turnstile\" id=\"cf-turnstile_3\" data-js-turnstile data-response-field-name=\"cf-turnstile-response_3\" data-theme=\"auto\" data-size=\"\" data-sitekey=\"0x4AAAAAACAgQLEV4Gv5Leyz\"><\/div><\/div><\/div><\/div><\/div>\n        <div class='gform-footer gform_footer top_label'> <input type=\"submit\" id=\"gform_submit_button_3\" class=\"gform_button button btn btn-primary\" onclick=\"gform.submission.handleButtonClick(this);\" data-submission-type=\"submit\" value=\"Enviar\"> \n            <input type='hidden' class='gform_hidden' name='gform_submission_method' data-js='gform_submission_method_3' value='postback' \/>\n            <input type='hidden' class='gform_hidden' name='gform_theme' data-js='gform_theme_3' id='gform_theme_3' value='gravity-theme' \/>\n            <input type='hidden' class='gform_hidden' name='gform_style_settings' data-js='gform_style_settings_3' id='gform_style_settings_3' value='[]' \/>\n            <input type='hidden' class='gform_hidden' name='is_submit_3' value='1' \/>\n            <input type='hidden' class='gform_hidden' name='gform_submit' value='3' \/>\n            \n            <input type='hidden' class='gform_hidden' name='gform_currency' data-currency='USD' value='fQcPgtQRLkPOlFgq0JTYg6HID9Q3iQlD\/k9MbGm4u4QD8lz1GcpL4Wo58kHwYkSPvDrCQu4P0K9g1ox0wzYEgMB+YCapFaTTF4t6bgZenrfkCkg=' \/>\n            <input type='hidden' class='gform_hidden' name='gform_unique_id' value='' \/>\n            <input type='hidden' class='gform_hidden' name='state_3' value='WyJ7XCI1XCI6W1wiOTY2MTc3MjgwZjAzZDM3OTVkZWMwODAxNmY5MTA1ZDNcIixcIjZiNjFmZjZlM2U2YjAyNWFlYmUyMTE0MDEwMzIyZjJlXCIsXCI1ZDcyNDI1ZmZmOTI3ZWYyZGQ0ZTM4MWJmZmM3NzU4OVwiLFwiODBiYTFhOGQzZTEyNTRiYzYzZmExYjlmOTMyNzQ5MjlcIixcIjc3NjRjNTdlOTI5NDE0ZTIwNjQ4MjZmNWU5M2E0M2M0XCIsXCIzYzgwNTkwNzlmOTQ3ZjM2OGVmYmQyYWJkYjlmZTBmMVwiLFwiMzIzYjhmYmRjZmY3NTQxNTZkYTg2ZWVmNGQ4YzFkOWVcIixcImQwZjk3YWFhNDRhMjgxMTMzNDBhNzdiZTdiNDA3YzhiXCIsXCJhMGZjMzU1ZDEwNzBiZGVkMDFhYWUzYWFlYmI0YzMwY1wiLFwiZDNlYWQyMTVmZDk2ZTAzMzU2NGRiNjk2NjE2NTU1YWJcIixcImRlZTMyNjkzYzNlMTk4Y2Q2ZjhiMTM3NWIyZWQ5MjdjXCJdLFwiNy4xXCI6XCJjZTU4ZjhiYTFiMDYwMTI1MGE3MTE1NjllYTkyNzIyZVwiLFwiNy4yXCI6XCJlYTFkMmQyNTFjZmIzMTk2N2UzZWExYmZhM2M1MGE4OVwiLFwiNy4zXCI6XCJhMTIxNjMzNmNjOGRjNjgwMzQzYThlYjgwMjE5NjFiOFwifSIsImIwMzlkYWNhYmUyMzZiZDkzMTQwZTY0ZTVkYzVmNmVlIl0=' \/>\n            <input type='hidden' autocomplete='off' class='gform_hidden' name='gform_target_page_number_3' id='gform_target_page_number_3' value='0' \/>\n            <input type='hidden' autocomplete='off' class='gform_hidden' name='gform_source_page_number_3' id='gform_source_page_number_3' value='1' \/>\n            <input type='hidden' name='gform_field_values' value='' \/>\n            \n        <\/div>\n                        <\/form>\n                        <\/div><script type=\"text\/javascript\">\n\/* <![CDATA[ *\/\n gform.initializeOnLoaded( function() {gformInitSpinner( 3, 'https:\/\/www.sinusitistreatmentnyc.com\/wp-content\/plugins\/gravityforms\/images\/spinner.svg', true );jQuery('#gform_ajax_frame_3').on('load',function(){var contents = jQuery(this).contents().find('*').html();var is_postback = contents.indexOf('GF_AJAX_POSTBACK') >= 0;if(!is_postback){return;}var form_content = jQuery(this).contents().find('#gform_wrapper_3');var is_confirmation = jQuery(this).contents().find('#gform_confirmation_wrapper_3').length > 0;var is_redirect = contents.indexOf('gformRedirect(){') >= 0;var is_form = form_content.length > 0 && ! is_redirect && ! is_confirmation;var mt = parseInt(jQuery('html').css('margin-top'), 10) + parseInt(jQuery('body').css('margin-top'), 10) + 100;if(is_form){jQuery('#gform_wrapper_3').html(form_content.html());if(form_content.hasClass('gform_validation_error')){jQuery('#gform_wrapper_3').addClass('gform_validation_error');} else {jQuery('#gform_wrapper_3').removeClass('gform_validation_error');}setTimeout( function() { \/* delay the scroll by 50 milliseconds to fix a bug in chrome *\/  }, 50 );if(window['gformInitDatepicker']) {gformInitDatepicker();}if(window['gformInitPriceFields']) {gformInitPriceFields();}var current_page = jQuery('#gform_source_page_number_3').val();gformInitSpinner( 3, 'https:\/\/www.sinusitistreatmentnyc.com\/wp-content\/plugins\/gravityforms\/images\/spinner.svg', true );jQuery(document).trigger('gform_page_loaded', [3, current_page]);window['gf_submitting_3'] = false;}else if(!is_redirect){var confirmation_content = jQuery(this).contents().find('.GF_AJAX_POSTBACK').html();if(!confirmation_content){confirmation_content = contents;}jQuery('#gform_wrapper_3').replaceWith(confirmation_content);jQuery(document).trigger('gform_confirmation_loaded', [3]);window['gf_submitting_3'] = false;wp.a11y.speak(jQuery('#gform_confirmation_message_3').text());}else{jQuery('#gform_3').append(contents);if(window['gformRedirect']) {gformRedirect();}}jQuery(document).trigger(\"gform_pre_post_render\", [{ formId: \"3\", currentPage: \"current_page\", abort: function() { this.preventDefault(); } }]);        if (event && event.defaultPrevented) {                return;        }        const gformWrapperDiv = document.getElementById( \"gform_wrapper_3\" );        if ( gformWrapperDiv ) {            const visibilitySpan = document.createElement( \"span\" );            visibilitySpan.id = \"gform_visibility_test_3\";            gformWrapperDiv.insertAdjacentElement( \"afterend\", visibilitySpan );        }        const visibilityTestDiv = document.getElementById( \"gform_visibility_test_3\" );        let postRenderFired = false;        function triggerPostRender() {            if ( postRenderFired ) {                return;            }            postRenderFired = true;            gform.core.triggerPostRenderEvents( 3, current_page );            if ( visibilityTestDiv ) {                visibilityTestDiv.parentNode.removeChild( visibilityTestDiv );            }        }        function debounce( func, wait, immediate ) {            var timeout;            return function() {                var context = this, args = arguments;                var later = function() {                    timeout = null;                    if ( !immediate ) func.apply( context, args );                };                var callNow = immediate && !timeout;                clearTimeout( timeout );                timeout = setTimeout( later, wait );                if ( callNow ) func.apply( context, args );            };        }        const debouncedTriggerPostRender = debounce( function() {            triggerPostRender();        }, 200 );        if ( visibilityTestDiv && visibilityTestDiv.offsetParent === null ) {            const observer = new MutationObserver( ( mutations ) => {                mutations.forEach( ( mutation ) => {                    if ( mutation.type === 'attributes' && visibilityTestDiv.offsetParent !== null ) {                        debouncedTriggerPostRender();                        observer.disconnect();                    }                });            });            observer.observe( document.body, {                attributes: true,                childList: false,                subtree: true,                attributeFilter: [ 'style', 'class' ],            });        } else {            triggerPostRender();        }    } );} ); \n\/* ]]> *\/\n<\/script>\n\n<\/div>\n<div class=\"col-md-6 align-self-stretch\"><img loading=\"lazy\" decoding=\"async\" class=\"mb-3 alignnone wp-image-1138 size-large\" src=\"https:\/\/www.sinusitistreatmentnyc.com\/wp-content\/uploads\/2018\/06\/columbus-circle-1110x729.jpg\" alt=\"Columbus Circle New York, NY\" width=\"1110\" height=\"729\" srcset=\"https:\/\/www.sinusitistreatmentnyc.com\/wp-content\/uploads\/2018\/06\/columbus-circle-1110x729.jpg 1110w, https:\/\/www.sinusitistreatmentnyc.com\/wp-content\/uploads\/2018\/06\/columbus-circle-457x300.jpg 457w, https:\/\/www.sinusitistreatmentnyc.com\/wp-content\/uploads\/2018\/06\/columbus-circle-768x504.jpg 768w, https:\/\/www.sinusitistreatmentnyc.com\/wp-content\/uploads\/2018\/06\/columbus-circle.jpg 1200w\" sizes=\"auto, (max-width: 1110px) 100vw, 1110px\" \/><\/div>\n<\/div>\n","protected":false},"excerpt":{"rendered":"<p>P\u00f3ngase en contacto con el Dr. Levitinen Open Sinus Programe una consulta:<\/p>\n","protected":false},"author":1,"featured_media":0,"parent":0,"menu_order":0,"comment_status":"closed","ping_status":"closed","template":"template-contact.php","meta":{"_acf_changed":false,"footnotes":""},"class_list":["post-1137","page","type-page","status-publish","hentry"],"acf":[],"yoast_head":"<!-- This site is optimized with the Yoast SEO plugin v27.4 - https:\/\/yoast.com\/product\/yoast-seo-wordpress\/ -->\n<title>Comun\u00edquese con el centro para el Tratamiento de la Sinusitis en Nueva York o el New York Sinusitis Treatment, llamando al tel\u00e9fono (212) 784-6643 | Dr. Greg Levitin, Manhattan<\/title>\n<meta name=\"description\" content=\"Puede ponerse en contacto hoy mismo con el Dr. Greg Levitin llamando al tel\u00e9fono (212) 784-6643 o a trav\u00e9s de nuestra p\u00e1gina web y obtendr\u00e1 m\u00e1s informaci\u00f3n sobre nuestros tratamientos efectivos contra la sinusitis y otras afecciones nasales cr\u00f3nicas.\" \/>\n<meta name=\"robots\" content=\"index, follow, max-snippet:-1, max-image-preview:large, max-video-preview:-1\" \/>\n<link rel=\"canonical\" href=\"https:\/\/www.sinusitistreatmentnyc.com\/es\/contacto\/\" \/>\n<meta property=\"og:locale\" content=\"es_ES\" \/>\n<meta property=\"og:type\" content=\"article\" \/>\n<meta property=\"og:title\" content=\"Comun\u00edquese con el centro para el Tratamiento de la Sinusitis en Nueva York o el New York Sinusitis Treatment, llamando al tel\u00e9fono (212) 784-6643 | Dr. Greg Levitin, Manhattan\" \/>\n<meta property=\"og:description\" content=\"Puede ponerse en contacto hoy mismo con el Dr. Greg Levitin llamando al tel\u00e9fono (212) 784-6643 o a trav\u00e9s de nuestra p\u00e1gina web y obtendr\u00e1 m\u00e1s informaci\u00f3n sobre nuestros tratamientos efectivos contra la sinusitis y otras afecciones nasales cr\u00f3nicas.\" \/>\n<meta property=\"og:url\" content=\"https:\/\/www.sinusitistreatmentnyc.com\/es\/contacto\/\" \/>\n<meta property=\"og:site_name\" content=\"New York Sinusitis Treatment\" \/>\n<meta property=\"article:modified_time\" content=\"2025-11-12T11:18:12+00:00\" \/>\n<meta property=\"og:image\" content=\"https:\/\/www.sinusitistreatmentnyc.com\/wp-content\/uploads\/2018\/06\/columbus-circle.jpg\" \/>\n\t<meta property=\"og:image:width\" content=\"1200\" \/>\n\t<meta property=\"og:image:height\" content=\"788\" \/>\n\t<meta property=\"og:image:type\" content=\"image\/jpeg\" \/>\n<meta name=\"twitter:card\" content=\"summary_large_image\" \/>\n<meta name=\"twitter:label1\" content=\"Tiempo de lectura\" \/>\n\t<meta name=\"twitter:data1\" content=\"1 minuto\" \/>\n<!-- \/ Yoast SEO plugin. -->","yoast_head_json":{"title":"Comun\u00edquese con el centro para el Tratamiento de la Sinusitis en Nueva York o el New York Sinusitis Treatment, llamando al tel\u00e9fono (212) 784-6643 | Dr. Greg Levitin, Manhattan","description":"Puede ponerse en contacto hoy mismo con el Dr. Greg Levitin llamando al tel\u00e9fono (212) 784-6643 o a trav\u00e9s de nuestra p\u00e1gina web y obtendr\u00e1 m\u00e1s informaci\u00f3n sobre nuestros tratamientos efectivos contra la sinusitis y otras afecciones nasales cr\u00f3nicas.","robots":{"index":"index","follow":"follow","max-snippet":"max-snippet:-1","max-image-preview":"max-image-preview:large","max-video-preview":"max-video-preview:-1"},"canonical":"https:\/\/www.sinusitistreatmentnyc.com\/es\/contacto\/","og_locale":"es_ES","og_type":"article","og_title":"Comun\u00edquese con el centro para el Tratamiento de la Sinusitis en Nueva York o el New York Sinusitis Treatment, llamando al tel\u00e9fono (212) 784-6643 | Dr. Greg Levitin, Manhattan","og_description":"Puede ponerse en contacto hoy mismo con el Dr. Greg Levitin llamando al tel\u00e9fono (212) 784-6643 o a trav\u00e9s de nuestra p\u00e1gina web y obtendr\u00e1 m\u00e1s informaci\u00f3n sobre nuestros tratamientos efectivos contra la sinusitis y otras afecciones nasales cr\u00f3nicas.","og_url":"https:\/\/www.sinusitistreatmentnyc.com\/es\/contacto\/","og_site_name":"New York Sinusitis Treatment","article_modified_time":"2025-11-12T11:18:12+00:00","og_image":[{"width":1200,"height":788,"url":"https:\/\/www.sinusitistreatmentnyc.com\/wp-content\/uploads\/2018\/06\/columbus-circle.jpg","type":"image\/jpeg"}],"twitter_card":"summary_large_image","twitter_misc":{"Tiempo de lectura":"1 minuto"},"schema":{"@context":"https:\/\/schema.org","@graph":[{"@type":"WebPage","@id":"https:\/\/www.sinusitistreatmentnyc.com\/es\/contacto\/","url":"https:\/\/www.sinusitistreatmentnyc.com\/es\/contacto\/","name":"Comun\u00edquese con el centro para el Tratamiento de la Sinusitis en Nueva York o el New York Sinusitis Treatment, llamando al tel\u00e9fono (212) 784-6643 | Dr. Greg Levitin, Manhattan","isPartOf":{"@id":"https:\/\/www.sinusitistreatmentnyc.com\/es\/#website"},"primaryImageOfPage":{"@id":"https:\/\/www.sinusitistreatmentnyc.com\/es\/contacto\/#primaryimage"},"image":{"@id":"https:\/\/www.sinusitistreatmentnyc.com\/es\/contacto\/#primaryimage"},"thumbnailUrl":"https:\/\/www.sinusitistreatmentnyc.com\/wp-content\/uploads\/2018\/06\/columbus-circle-1110x729.jpg","datePublished":"2021-08-06T15:21:11+00:00","dateModified":"2025-11-12T11:18:12+00:00","description":"Puede ponerse en contacto hoy mismo con el Dr. Greg Levitin llamando al tel\u00e9fono (212) 784-6643 o a trav\u00e9s de nuestra p\u00e1gina web y obtendr\u00e1 m\u00e1s informaci\u00f3n sobre nuestros tratamientos efectivos contra la sinusitis y otras afecciones nasales cr\u00f3nicas.","breadcrumb":{"@id":"https:\/\/www.sinusitistreatmentnyc.com\/es\/contacto\/#breadcrumb"},"inLanguage":"es","potentialAction":[{"@type":"ReadAction","target":["https:\/\/www.sinusitistreatmentnyc.com\/es\/contacto\/"]}]},{"@type":"ImageObject","inLanguage":"es","@id":"https:\/\/www.sinusitistreatmentnyc.com\/es\/contacto\/#primaryimage","url":"https:\/\/www.sinusitistreatmentnyc.com\/wp-content\/uploads\/2018\/06\/columbus-circle-1110x729.jpg","contentUrl":"https:\/\/www.sinusitistreatmentnyc.com\/wp-content\/uploads\/2018\/06\/columbus-circle-1110x729.jpg"},{"@type":"BreadcrumbList","@id":"https:\/\/www.sinusitistreatmentnyc.com\/es\/contacto\/#breadcrumb","itemListElement":[{"@type":"ListItem","position":1,"name":"Home","item":"https:\/\/www.sinusitistreatmentnyc.com\/es\/"},{"@type":"ListItem","position":2,"name":"Cont\u00e1ctenos"}]},{"@type":"WebSite","@id":"https:\/\/www.sinusitistreatmentnyc.com\/es\/#website","url":"https:\/\/www.sinusitistreatmentnyc.com\/es\/","name":"New York Sinusitis Treatment","description":"","potentialAction":[{"@type":"SearchAction","target":{"@type":"EntryPoint","urlTemplate":"https:\/\/www.sinusitistreatmentnyc.com\/es\/?s={search_term_string}"},"query-input":{"@type":"PropertyValueSpecification","valueRequired":true,"valueName":"search_term_string"}}],"inLanguage":"es"}]}},"_links":{"self":[{"href":"https:\/\/www.sinusitistreatmentnyc.com\/es\/wp-json\/wp\/v2\/pages\/1137","targetHints":{"allow":["GET"]}}],"collection":[{"href":"https:\/\/www.sinusitistreatmentnyc.com\/es\/wp-json\/wp\/v2\/pages"}],"about":[{"href":"https:\/\/www.sinusitistreatmentnyc.com\/es\/wp-json\/wp\/v2\/types\/page"}],"author":[{"embeddable":true,"href":"https:\/\/www.sinusitistreatmentnyc.com\/es\/wp-json\/wp\/v2\/users\/1"}],"replies":[{"embeddable":true,"href":"https:\/\/www.sinusitistreatmentnyc.com\/es\/wp-json\/wp\/v2\/comments?post=1137"}],"version-history":[{"count":5,"href":"https:\/\/www.sinusitistreatmentnyc.com\/es\/wp-json\/wp\/v2\/pages\/1137\/revisions"}],"predecessor-version":[{"id":2187,"href":"https:\/\/www.sinusitistreatmentnyc.com\/es\/wp-json\/wp\/v2\/pages\/1137\/revisions\/2187"}],"wp:attachment":[{"href":"https:\/\/www.sinusitistreatmentnyc.com\/es\/wp-json\/wp\/v2\/media?parent=1137"}],"curies":[{"name":"wp","href":"https:\/\/api.w.org\/{rel}","templated":true}]}}