{"id":1093,"date":"2021-08-03T14:46:41","date_gmt":"2021-08-03T14:46:41","guid":{"rendered":"https:\/\/www.sinusitistreatmentnyc.com\/?page_id=1093"},"modified":"2025-07-28T17:24:04","modified_gmt":"2025-07-28T17:24:04","slug":"sinuplastia-con-balon","status":"publish","type":"page","link":"https:\/\/www.sinusitistreatmentnyc.com\/es\/sinuplastia-con-balon\/","title":{"rendered":"Sinuplastia con Bal\u00f3n"},"content":{"rendered":"<h1>SINUPLASTIA CON BAL\u00d3N EN NUEVA YORK<\/h1>\n<p>\u00bfQuisiera usted saber m\u00e1s acerca de los procedimientos de sinuplastia con bal\u00f3n en la ciudad de Nueva York? Cuando sus senos paranasales se inflaman, provocan toda una serie de problemas de salud asociados que, a su vez, pudieran convertirse en cr\u00f3nicos. La sinusitis, en su forma m\u00e1s grave, llega a causar fuertes dolores, malestar generalizado e infecciones recurrentes de las cavidades nasales. Los s\u00edntomas pueden incluir desde cefaleas sinusales persistentes, hasta sensibilidad y dolor en la cara, o incluso complicaciones de otras afecciones, tales como alergias o asma. El Dr. Greg Levitin es experto en el tratamiento por sinuplastia con bal\u00f3n en la ciudad de Nueva York, m\u00e9todo que suele ser muy eficaz en los pacientes que sufren de sinusitis cr\u00f3nica.<\/p>\n<p>Elegir la opci\u00f3n de tratamiento correcto que cada paciente requiere es, probablemente, el mayor desaf\u00edo ya que, en numerosas ocasiones, los procedimientos no quir\u00fargicos son m\u00e1s que adecuados a la hora de proporcionar un alivio duradero. Est\u00e1 demostrado que la sinuplastia con bal\u00f3n funciona en la mayor\u00eda de los pacientes y rara vez existe la necesidad de proporcionar apoyo o tratamientos adicionales tras la realizaci\u00f3n de este procedimiento. El Dr. Gregory Levitin prefiere, siempre que sea posible, ofrecer en su cl\u00ednica de Nueva York aquellos tratamientos que sean m\u00ednimamente invasivos como la sinuplastia con bal\u00f3n. Si usted desea evitar la cirug\u00eda, le recomendamos programar hoy mismo una evaluaci\u00f3n completa con el Dr. Levitin para averiguar si la sinuplastia con bal\u00f3n (o BSP por sus siglas en ingl\u00e9s) es la soluci\u00f3n adecuada que necesita.<\/p>\n<h2>\u00bfQU\u00c9 ES LA SINUPLASTIA CON BAL\u00d3N?<\/h2>\n<p>El prop\u00f3sito del tratamiento de sinuplastia con bal\u00f3n es proporcionar un alivio efectivo y duradero a los s\u00edntomas causados por problemas nasales y sinusales cr\u00f3nicos, al abrir los senos paranasales. Una vez que dicho tratamiento alivia la presi\u00f3n, se vuelve mucho menos problem\u00e1tico para el paciente respirar y llevar una vida normal. Las posibilidades de infecciones recurrentes se reducen sensiblemente, ya que los virus y las bacterias dejan de propagarse tan f\u00e1cilmente. Cuando el procedimiento de sinuplastia con bal\u00f3n de dilataci\u00f3n es llevado a cabo por un cirujano que cuenta con tanta experiencia como el Dr. Gregory Levitin, el tratamiento se vuelve seguro y eficaz. \u00c9l puede realizar tanto \u00e9ste como otros muchos procedimientos, c\u00f3modamente a sus pacientes procedentes de la zona Noreste del pa\u00eds, en su cl\u00ednica de la ciudad de Nueva York.<\/p>\n<p>Durante su consulta, le haremos una serie de preguntas relacionadas con sus problemas sinusales, tratando adem\u00e1s de entender c\u00f3mo se ve afectada su vida cotidiana, estableciendo as\u00ed si sus problemas en los senos paranasales son de car\u00e1cter agudo o cr\u00f3nico. Si fueran agudos se podr\u00edan solucionar en cuesti\u00f3n de semanas con la ayuda de la medicaci\u00f3n adecuada; mientras que si tuvieran un car\u00e1cter cr\u00f3nico y persistente, requerir\u00edan de un tratamiento que podr\u00eda implicar un procedimiento como la sinuplastia con bal\u00f3n, que es endosc\u00f3pico, m\u00ednimamente invasivo y que tiene por objeto abrir los conductos sinusales mediante un cat\u00e9ter con bal\u00f3n inflable.<\/p>\n<h3>BENEFICIOS DE LA SINUPLASTIA CON BAL\u00d3N<\/h3>\n<p>Aquellos pacientes que sufren de sinusitis cr\u00f3nica y buscan una soluci\u00f3n que alivie de forma duradera sus dolores y malestares pueden obtener grandes beneficios tras someterse a la sinuplastia con bal\u00f3n de dilataci\u00f3n. Cuando el uso de medicamentos ya no resulta exitoso o las infecciones sinusales contin\u00faan produci\u00e9ndose recurrentemente, un procedimiento quir\u00fargico de este tipo podr\u00eda ser la mejor opci\u00f3n. La sinuplastia con bal\u00f3n ofrece una alternativa m\u00ednimamente invasiva frente a la Cirug\u00eda Funcional Endosc\u00f3pica del Seno Paranasal (o FESS, por sus siglas en ingl\u00e9s). Algunos de sus beneficios pueden ser los siguientes:<\/p>\n<ul>\n<li><strong>Son procedimientos ambulatorios.<\/strong> Por lo general, los pacientes pueden regresar a sus hogares el mismo d\u00eda.<\/li>\n<li><strong>Requieren de un periodo corto de recuperaci\u00f3n.<\/strong> Muchas personas pueden regresar a realizar la mayor\u00eda de sus actividades cotidianas en tan solo uno o dos d\u00edas, mostrando una completa recuperaci\u00f3n en apenas una semana. Tambi\u00e9n provoca bastante menos dolor postoperatorio que la cirug\u00eda tradicional de los senos paranasales.<\/li>\n<li><strong>Es m\u00e1s seguro y entra\u00f1a menos riesgos.<\/strong> En comparaci\u00f3n con las cirug\u00edas sinusales m\u00e1s invasivas, la sinuplastia con bal\u00f3n es m\u00e1s segura y somete a menores riesgos al paciente. No se necesitan incisiones, lo que reduce el sangrado y otras complicaciones potenciales.<\/li>\n<li><strong>Es eficaz contra la sinusitis cr\u00f3nica.<\/strong> La tasa de \u00e9xito en los pacientes con sinusitis cr\u00f3nica es muy elevada, lo que ayuda a reducir los s\u00edntomas y la recurrencia de las infecciones sinusales.<\/li>\n<\/ul>\n<p>La sinuplastia con bal\u00f3n de dilataci\u00f3n ha ayudado a millones de personas a tener menos infecciones y s\u00edntomas sinusales, mejorando su salud y bienestar general. El Dr. Levitin le asesorar\u00e1 y le ayudar\u00e1 a decidir si \u00e9ste es el procedimiento que usted necesita o si bien requiere de alg\u00fan otro tratamiento que solucione sus problemas en los senos paranasales.<\/p>\n<h3>\u00bfCU\u00c1NTO TIEMPO TARDAR\u00c1 EN RECUPERARSE?<\/h3>\n<p>Los tiempos de recuperaci\u00f3n despu\u00e9s de haber sido sometido a una sinuplastia con bal\u00f3n pueden variar. Sin embargo, los datos recopilados en centros de todo el pa\u00eds que, de manera rutinaria, realizan dichos procedimientos demuestran consistentemente que la mayor\u00eda de los pacientes se recuperan completamente en el transcurso de una semana, lo que hace que la vuelta al trabajo no requiera m\u00e1s que de un ajuste razonable en la carga de trabajo o las horas a recuperar. El Dr. Gregory Levitin le explicar\u00e1 acerca de la recuperaci\u00f3n que requerir\u00e1, como parte de la consulta previa al inicio de su tratamiento. Si consider\u00e1ramos que durante su periodo de recuperaci\u00f3n, pudiera ocurrir alguna complicaci\u00f3n que lo alargara, se lo haremos saber antes de iniciar el tratamiento de sinuplastia con bal\u00f3n, para que usted tome la decisi\u00f3n que m\u00e1s le convenga.<\/p>\n<p>Para programar un examen completo, simplemente ll\u00e1menos por tel\u00e9fono hoy mismo. El Dr. Levitin le har\u00e1 saber si la sinuplastia con bal\u00f3n es la opci\u00f3n de tratamiento m\u00e1s adecuada para usted.<\/p>\n<h4>PREGUNTAS FRECUENTES SOBRE LA SINUPLASTIA CON BAL\u00d3N<\/h4>\n<dl>\n<dt>\u00bfCu\u00e1les son los s\u00edntomas de la sinusitis?<\/dt>\n<dd>La sinusitis es la inflamaci\u00f3n de los tejidos o revestimientos sinusales y, a menudo, est\u00e1 precedida por un resfriado nasal o un ataque de alergia. Cuando estas inflamaciones en los senos paranasales bloquean el drenaje de la mucosidad, se pueden causar infecciones y otros s\u00edntomas dolorosos como, por ejemplo:<\/p>\n<ul>\n<li>Dolor y presi\u00f3n facial.<\/li>\n<li>Dolores de cabeza, a menudo por toda la frente.<\/li>\n<li>Congesti\u00f3n nasal.<\/li>\n<li>Secreci\u00f3n de mucosidad amarilla o verde por la nariz.<\/li>\n<li>Dificultad para respirar por la nariz.<\/li>\n<li>Dolor de garganta.<\/li>\n<li>Dolores en las bases de los dientes.<\/li>\n<\/ul>\n<\/dd>\n<dd>Algunas personas pueden presentar muchos s\u00edntomas a la vez, mientras que otras suelen tener solo unos pocos, pero en cualquiera de los casos, estos s\u00edntomas pueden empeorar si las sinusitis o las infecciones se volvieran recurrentes.<\/dd>\n<dt>\u00bfQu\u00e9 tipos de sinusitis existen? <\/dt>\n<dd>Las sinusitis pueden ser agudas o cr\u00f3nicas. Com\u00fanmente es precedida por un resfriado o alergia nasal y puede durar unos d\u00edas. Si la infecci\u00f3n o los s\u00edntomas persisten m\u00e1s all\u00e1 de unos pocos d\u00edas, podr\u00eda convertirse en una sinusitis aguda. Cuando los s\u00edntomas contin\u00faan durante m\u00e1s de tres meses o las infecciones se repiten constantemente, la sinusitis aguda puede convertirse en cr\u00f3nica.<\/dd>\n<dt>\u00bfQu\u00e9 tratamientos existen para la sinusitis?<\/dt>\n<dd>La sinusitis, generalmente y en los casos m\u00e1s leves, se puede combatir con medicamentos de libre venta. Cuando \u00e9sta se vuelve aguda o hay una infecci\u00f3n sinusal, es posible que se requieran antibi\u00f3ticos u otros medicamentos que la combatan y reduzcan la inflamaci\u00f3n, mitigando y controlando sus s\u00edntomas. Para aquellas personas que padecen de sinusitis cr\u00f3nicas, el tratamiento con medicamentos podr\u00eda dejar de ser efectivo, en cuyo caso, la intervenci\u00f3n quir\u00fargica para abrir las v\u00edas sinusales pasar\u00e1 a ser una opci\u00f3n m\u00e1s adecuada ya que ayudar\u00e1 a reducir las infecciones y la sinusitis, mejorando sensiblemente los s\u00edntomas. Los dos procedimientos quir\u00fargicos sinusales m\u00e1s comunes son la Cirug\u00eda Endosc\u00f3pica Funcional del Seno Paranasal (o FESS, por sus siglas en ingl\u00e9s), y la Sinuplastia con Bal\u00f3n.<\/dd>\n<dt>Diferencia entre la Cirug\u00eda Sinusal Endosc\u00f3pica Funcional (FESS) y la Sinuplastia con Bal\u00f3n<\/dt>\n<dd>La Cirug\u00eda Sinusal Endosc\u00f3pica Funcional (o FESS, por sus siglas en ingl\u00e9s), necesita de la utilizaci\u00f3n de instrumentos m\u00e9dicos endosc\u00f3picos para acceder a los conductos sinusales e implica la ampliaci\u00f3n de \u00e9stos mediante la eliminaci\u00f3n de hueso y tejido a trav\u00e9s de una incisi\u00f3n quir\u00fargica. Despu\u00e9s de la cirug\u00eda, es necesario un vendaje nasal que detenga el sangrado, y pueden requerirse dos semanas o incluso m\u00e1s de recuperaci\u00f3n, antes de reanudar todas las actividades normales.<\/dd>\n<dd>La sinuplastia con bal\u00f3n tambi\u00e9n requiere de la utilizaci\u00f3n de herramientas endosc\u00f3picas, pero, a diferencia de la FESS, no se hacen incisiones y no se extrae tejido ni hueso. En su lugar, las fosas sinusales se ensanchan mediante un cat\u00e9ter que contiene un bal\u00f3n que se inserta en las fosas nasales, donde se infla. Al no hacerse incisiones ni extracci\u00f3n de tejido, hay menos sangrado, menores riesgos quir\u00fargicos, reducci\u00f3n significativa de los dolores postoperatorios y, adem\u00e1s, la recuperaci\u00f3n resulta mucho m\u00e1s r\u00e1pida que con la FESS.<\/dd>\n<dt>\u00bfLa sinuplastia con bal\u00f3n est\u00e1 aprobada por la FDA en el tratamiento de la sinusitis?<\/dt>\n<dd>S\u00ed. La FDA aprob\u00f3 los dispositivos y el procedimiento para realizar la sinuplastia con bal\u00f3n en el tratamiento de la sinusitis en el a\u00f1o 2005.<\/dd>\n<dt>\u00bfCu\u00e1l es la tasa de \u00e9xito de la sinuplastia con bal\u00f3n?<\/dt>\n<dd>En un reciente estudio, se ha calculado que el 95% de los pacientes informaron que sus s\u00edntomas mejoraron nueve meses despu\u00e9s de haberse sometido a una sinuplastia con bal\u00f3n de dilataci\u00f3n. Muchos afectados, en el largo plazo, han sido beneficiarios de un significativo alivio de la sinusitis cr\u00f3nica, aunque los resultados pudieran variar de paciente a paciente.<\/dd>\n<dt>\u00bfQui\u00e9n es el candidato id\u00f3neo para hacerse una sinuplastia con bal\u00f3n?<\/dt>\n<dd>Cualquier persona que padezca de sinusitis cr\u00f3nica y no la tenga bien controlada con medicamentos podr\u00eda ser un candidato \u00f3ptimo para someterse a una sinuplastia con bal\u00f3n. El procedimiento es m\u00ednimamente invasivo y tiene un tiempo de recuperaci\u00f3n muy corto, con pocos riesgos de posibles complicaciones.<\/dd>\n<dt>\u00bfPuedo someterme a una FESS despu\u00e9s de un tratamiento de sinuplastia con bal\u00f3n?<\/dt>\n<dd>Los pacientes que se someten a una sinuplastia con bal\u00f3n no tienen ning\u00fan tipo de restricciones a la hora de plantearse otros tratamientos futuros contra la sinusitis. As\u00ed pues, es posible tener otra sinuplastia con bal\u00f3n o bien una cirug\u00eda endosc\u00f3pica funcional del seno paranasal (o FESS, por sus siglas en ingl\u00e9s), en el supuesto en que la sinusitis cr\u00f3nica regresara.<\/dd>\n<\/dl>\n","protected":false},"excerpt":{"rendered":"<p>SINUPLASTIA CON BAL\u00d3N EN NUEVA YORK \u00bfQuisiera usted saber m\u00e1s acerca de los procedimientos de sinuplastia con bal\u00f3n en la ciudad de Nueva York? Cuando sus senos paranasales se inflaman, provocan toda una serie de problemas de salud asociados que, a su vez, pudieran convertirse en cr\u00f3nicos. La sinusitis, en su forma m\u00e1s grave, llega&#8230;<\/p>\n<p><a class=\"btn btn-secondary\" href=\"https:\/\/www.sinusitistreatmentnyc.com\/es\/sinuplastia-con-balon\/\">Continue reading <i class=\"fas fa-arrow-right\"><\/i><\/a><\/p>\n","protected":false},"author":1,"featured_media":0,"parent":1088,"menu_order":0,"comment_status":"closed","ping_status":"closed","template":"","meta":{"_acf_changed":false,"footnotes":""},"class_list":["post-1093","page","type-page","status-publish","hentry"],"acf":[],"yoast_head":"<!-- This site is optimized with the Yoast SEO plugin v27.4 - https:\/\/yoast.com\/product\/yoast-seo-wordpress\/ -->\n<title>Tratamiento de sinuplastia con bal\u00f3n (BSP) en Nueva York (BSP) | Manhattan, Nueva York<\/title>\n<meta name=\"description\" content=\"\u00bfQu\u00e9 es la sinuplastia con bal\u00f3n y qu\u00e9 beneficios le proporcionar\u00e1? Para obtener m\u00e1s informaci\u00f3n, llame hoy mismo al Dr. Greg Levitin y programe una consulta gratuita con un experto en el tratamiento de problemas cr\u00f3nicos en los senos paranasales.\" \/>\n<meta name=\"robots\" content=\"index, follow, max-snippet:-1, max-image-preview:large, max-video-preview:-1\" \/>\n<link rel=\"canonical\" href=\"https:\/\/www.sinusitistreatmentnyc.com\/es\/sinuplastia-con-balon\/\" \/>\n<meta property=\"og:locale\" content=\"es_ES\" \/>\n<meta property=\"og:type\" content=\"article\" \/>\n<meta property=\"og:title\" content=\"Tratamiento de sinuplastia con bal\u00f3n (BSP) en Nueva York (BSP) | Manhattan, Nueva York\" \/>\n<meta property=\"og:description\" content=\"\u00bfQu\u00e9 es la sinuplastia con bal\u00f3n y qu\u00e9 beneficios le proporcionar\u00e1? Para obtener m\u00e1s informaci\u00f3n, llame hoy mismo al Dr. Greg Levitin y programe una consulta gratuita con un experto en el tratamiento de problemas cr\u00f3nicos en los senos paranasales.\" \/>\n<meta property=\"og:url\" content=\"https:\/\/www.sinusitistreatmentnyc.com\/es\/sinuplastia-con-balon\/\" \/>\n<meta property=\"og:site_name\" content=\"New York Sinusitis Treatment\" \/>\n<meta property=\"article:modified_time\" content=\"2025-07-28T17:24:04+00:00\" \/>\n<meta name=\"twitter:card\" content=\"summary_large_image\" \/>\n<meta name=\"twitter:label1\" content=\"Tiempo de lectura\" \/>\n\t<meta name=\"twitter:data1\" content=\"8 minutos\" \/>\n<!-- \/ Yoast SEO plugin. -->","yoast_head_json":{"title":"Tratamiento de sinuplastia con bal\u00f3n (BSP) en Nueva York (BSP) | Manhattan, Nueva York","description":"\u00bfQu\u00e9 es la sinuplastia con bal\u00f3n y qu\u00e9 beneficios le proporcionar\u00e1? Para obtener m\u00e1s informaci\u00f3n, llame hoy mismo al Dr. Greg Levitin y programe una consulta gratuita con un experto en el tratamiento de problemas cr\u00f3nicos en los senos paranasales.","robots":{"index":"index","follow":"follow","max-snippet":"max-snippet:-1","max-image-preview":"max-image-preview:large","max-video-preview":"max-video-preview:-1"},"canonical":"https:\/\/www.sinusitistreatmentnyc.com\/es\/sinuplastia-con-balon\/","og_locale":"es_ES","og_type":"article","og_title":"Tratamiento de sinuplastia con bal\u00f3n (BSP) en Nueva York (BSP) | Manhattan, Nueva York","og_description":"\u00bfQu\u00e9 es la sinuplastia con bal\u00f3n y qu\u00e9 beneficios le proporcionar\u00e1? Para obtener m\u00e1s informaci\u00f3n, llame hoy mismo al Dr. Greg Levitin y programe una consulta gratuita con un experto en el tratamiento de problemas cr\u00f3nicos en los senos paranasales.","og_url":"https:\/\/www.sinusitistreatmentnyc.com\/es\/sinuplastia-con-balon\/","og_site_name":"New York Sinusitis Treatment","article_modified_time":"2025-07-28T17:24:04+00:00","twitter_card":"summary_large_image","twitter_misc":{"Tiempo de lectura":"8 minutos"},"schema":{"@context":"https:\/\/schema.org","@graph":[{"@type":"WebPage","@id":"https:\/\/www.sinusitistreatmentnyc.com\/es\/sinuplastia-con-balon\/","url":"https:\/\/www.sinusitistreatmentnyc.com\/es\/sinuplastia-con-balon\/","name":"Tratamiento de sinuplastia con bal\u00f3n (BSP) en Nueva York (BSP) | Manhattan, Nueva York","isPartOf":{"@id":"https:\/\/www.sinusitistreatmentnyc.com\/es\/#website"},"datePublished":"2021-08-03T14:46:41+00:00","dateModified":"2025-07-28T17:24:04+00:00","description":"\u00bfQu\u00e9 es la sinuplastia con bal\u00f3n y qu\u00e9 beneficios le proporcionar\u00e1? Para obtener m\u00e1s informaci\u00f3n, llame hoy mismo al Dr. Greg Levitin y programe una consulta gratuita con un experto en el tratamiento de problemas cr\u00f3nicos en los senos paranasales.","breadcrumb":{"@id":"https:\/\/www.sinusitistreatmentnyc.com\/es\/sinuplastia-con-balon\/#breadcrumb"},"inLanguage":"es","potentialAction":[{"@type":"ReadAction","target":["https:\/\/www.sinusitistreatmentnyc.com\/es\/sinuplastia-con-balon\/"]}]},{"@type":"BreadcrumbList","@id":"https:\/\/www.sinusitistreatmentnyc.com\/es\/sinuplastia-con-balon\/#breadcrumb","itemListElement":[{"@type":"ListItem","position":1,"name":"Home","item":"https:\/\/www.sinusitistreatmentnyc.com\/es\/"},{"@type":"ListItem","position":2,"name":"Tratamientos Opcionales","item":"https:\/\/www.sinusitistreatmentnyc.com\/es\/opciones-de-tratamiento\/"},{"@type":"ListItem","position":3,"name":"Sinuplastia con Bal\u00f3n"}]},{"@type":"WebSite","@id":"https:\/\/www.sinusitistreatmentnyc.com\/es\/#website","url":"https:\/\/www.sinusitistreatmentnyc.com\/es\/","name":"New York Sinusitis Treatment","description":"","potentialAction":[{"@type":"SearchAction","target":{"@type":"EntryPoint","urlTemplate":"https:\/\/www.sinusitistreatmentnyc.com\/es\/?s={search_term_string}"},"query-input":{"@type":"PropertyValueSpecification","valueRequired":true,"valueName":"search_term_string"}}],"inLanguage":"es"}]}},"_links":{"self":[{"href":"https:\/\/www.sinusitistreatmentnyc.com\/es\/wp-json\/wp\/v2\/pages\/1093","targetHints":{"allow":["GET"]}}],"collection":[{"href":"https:\/\/www.sinusitistreatmentnyc.com\/es\/wp-json\/wp\/v2\/pages"}],"about":[{"href":"https:\/\/www.sinusitistreatmentnyc.com\/es\/wp-json\/wp\/v2\/types\/page"}],"author":[{"embeddable":true,"href":"https:\/\/www.sinusitistreatmentnyc.com\/es\/wp-json\/wp\/v2\/users\/1"}],"replies":[{"embeddable":true,"href":"https:\/\/www.sinusitistreatmentnyc.com\/es\/wp-json\/wp\/v2\/comments?post=1093"}],"version-history":[{"count":9,"href":"https:\/\/www.sinusitistreatmentnyc.com\/es\/wp-json\/wp\/v2\/pages\/1093\/revisions"}],"predecessor-version":[{"id":2060,"href":"https:\/\/www.sinusitistreatmentnyc.com\/es\/wp-json\/wp\/v2\/pages\/1093\/revisions\/2060"}],"up":[{"embeddable":true,"href":"https:\/\/www.sinusitistreatmentnyc.com\/es\/wp-json\/wp\/v2\/pages\/1088"}],"wp:attachment":[{"href":"https:\/\/www.sinusitistreatmentnyc.com\/es\/wp-json\/wp\/v2\/media?parent=1093"}],"curies":[{"name":"wp","href":"https:\/\/api.w.org\/{rel}","templated":true}]}}