{"id":1088,"date":"2021-08-03T14:25:07","date_gmt":"2021-08-03T14:25:07","guid":{"rendered":"https:\/\/www.sinusitistreatmentnyc.com\/?page_id=1088"},"modified":"2025-02-03T21:37:50","modified_gmt":"2025-02-03T21:37:50","slug":"opciones-de-tratamiento","status":"publish","type":"page","link":"https:\/\/www.sinusitistreatmentnyc.com\/es\/opciones-de-tratamiento\/","title":{"rendered":"Tratamientos Opcionales"},"content":{"rendered":"<h1>TRATAMIENTOS OPCIONALES PARA PROBLEMAS SINUSALES CR\u00d3NICOS<\/h1>\n<p>Resulta poco probable que los problemas sinusales cr\u00f3nicos se resuelvan mediante el uso de medicamentos o con el simple paso del tiempo, lo que provoca en los pacientes dolores e incomodidades durante la mayor parte del a\u00f1o. Encontrar el diagn\u00f3stico y el tratamiento correctos tambi\u00e9n puede resultar dif\u00edcil, ya que muchos m\u00e9dicos generales no est\u00e1n lo suficientemente equipados ni cualificados como para proporcionar un diagn\u00f3stico y tratamiento que d\u00e9 alivio a largo plazo. Los s\u00edntomas de los problemas cr\u00f3nicos en los senos paranasales son muy diversos y pueden tener m\u00e1s de una sola causa que los provoque.<\/p>\n<p>Usted puede comenzar a sufrir de problemas cr\u00f3nicos en los senos paranasales tras un resfriado o una gripe particularmente dif\u00edciles, como resultado de un debilitamiento del sistema inmunol\u00f3gico, por complicaciones de alergias preexistentes o debido a defectos en la estructura de las cavidades nasales. Los s\u00edntomas m\u00e1s comunes en los problemas agudos y cr\u00f3nicos de los senos paranasales incluyen la congesti\u00f3n nasal, la dificultad para respirar bien por la nariz, los dolores de cabeza sinusales y los problemas para dormir durante la noche.<\/p>\n<p>Una vez que la causa del problema sinusal cr\u00f3nico es diagnosticada, se pueden aplicar uno o m\u00e1s procedimientos correctivos, seg\u00fan lo que el Dr. Greg Levitin y su experimentado equipo recomienden. Con el fin de ayudarle a tomar una decisi\u00f3n informada sobre el tratamiento m\u00e1s adecuado para su padecimiento, el Dr. Levitin analizar\u00e1 y discutir\u00e1 con usted los resultados de su diagn\u00f3stico, explic\u00e1ndole de qu\u00e9 manera cada opci\u00f3n le ayudar\u00e1 a largo plazo. En algunos casos, usted podr\u00eda beneficiarse con la aplicaci\u00f3n de una combinaci\u00f3n de tratamientos, si se detectara que fueran m\u00faltiples los factores que causan su problema.<\/p>\n<h2>TRATAMIENTOS QUIR\u00daRGICOS Y NO QUIR\u00daRGICOS<\/h2>\n<p>El Dr. Greg Levitin es un firme partidario de aquellos tratamientos efectivos no quir\u00fargicos o m\u00ednimamente invasivos que resultan beneficiosos a largo plazo para el paciente. La sinuplastia con bal\u00f3n y el ClariFix para la rinitis cr\u00f3nica son dos de estas opciones disponibles. Si el Dr. Levitin y su equipo consideraran que cualquiera de los procedimientos que se mencionan a continuaci\u00f3n fueran la opci\u00f3n m\u00e1s adecuada para usted, \u00e9l le asesorar\u00e1 y recomendar\u00e1 los pasos a seguir antes, durante y despu\u00e9s de iniciar el tratamiento.<\/p>\n<ul>\n<li>SINUPLASTIA CON BAL\u00d3N<\/li>\n<li>PROCEDIMIENTO CON RHINAER<\/li>\n<li>CIRUG\u00cdA DE REDUCCI\u00d3N DE CORNETES NASALES<\/li>\n<li>CLARIFIX PARA LA RINITIS CR\u00d3NICA<\/li>\n<li>IMPLANTE DE LATERA CONTRA LA OBSTRUCCI\u00d3N NASAL<\/li>\n<li>REMODELACI\u00d3N DE LAS V\u00cdAS RESPIRATORIAS NASALES CON VIVAER<\/li>\n<li>TRATAMIENTO CONTRA P\u00d3LIPOS NASALES CON SINUVA<\/li>\n<li>DILATACI\u00d3N DE LA TROMPA DE EUSTAQUIO CON BAL\u00d3N (ETBD)<\/li>\n<li>PROCEDIMIENTO DE PROPEL SINUS STENT<\/li>\n<\/ul>\n<p>La cirug\u00eda de reducci\u00f3n de cornetes nasales o la remodelaci\u00f3n de las v\u00edas respiratorias nasales mediante Vivaer podr\u00edan resultar muy adecuadas para sus necesidades, en cuyo caso, el Dr. Levitin le describir\u00e1 las implicaciones que estos procedimientos conllevan, adem\u00e1s del posterior cuidado a seguir. Independientemente de la opci\u00f3n de tratamiento que usted apruebe, contar\u00e1 en todo momento con el apoyo del Dr. Greg Levitin y de su equipo, antes, durante y despu\u00e9s de su aplicaci\u00f3n. Nosotros entendemos que cada paciente es diferente y que, por tanto, su tratamiento debe ser aplicado considerando sus particularidades, procurando que sus expectativas se conviertan en realidad.<\/p>\n<p>Para obtener un an\u00e1lisis individualizado de lo que involucra cada una de nuestras principales opciones de tratamiento, no dude en hacer clic en el enlace indicado. Tambi\u00e9n puede comunicarse con nosotros y realizar una consulta telef\u00f3nica o a trav\u00e9s de nuestra p\u00e1gina web, de manera gratuita. \u00a1Esperamos tener noticias suyas pr\u00f3ximamente!<\/p>\n","protected":false},"excerpt":{"rendered":"<p>TRATAMIENTOS OPCIONALES PARA PROBLEMAS SINUSALES CR\u00d3NICOS Resulta poco probable que los problemas sinusales cr\u00f3nicos se resuelvan mediante el uso de medicamentos o con el simple paso del tiempo, lo que provoca en los pacientes dolores e incomodidades durante la mayor parte del a\u00f1o. Encontrar el diagn\u00f3stico y el tratamiento correctos tambi\u00e9n puede resultar dif\u00edcil, ya&#8230;<\/p>\n<p><a class=\"btn btn-secondary\" href=\"https:\/\/www.sinusitistreatmentnyc.com\/es\/opciones-de-tratamiento\/\">Continue reading <i class=\"fas fa-arrow-right\"><\/i><\/a><\/p>\n","protected":false},"author":1,"featured_media":0,"parent":0,"menu_order":0,"comment_status":"closed","ping_status":"closed","template":"","meta":{"_acf_changed":false,"footnotes":""},"class_list":["post-1088","page","type-page","status-publish","hentry"],"acf":[],"yoast_head":"<!-- This site is optimized with the Yoast SEO plugin v27.4 - https:\/\/yoast.com\/product\/yoast-seo-wordpress\/ -->\n<title>Opciones de Tratamiento Contra los Problemas Sinusales Cr\u00f3nicos en Nueva York | Manhattan<\/title>\n<meta name=\"description\" content=\"\u00bfEst\u00e1 usted familiarizado con las diferentes opciones de tratamiento contra los problemas cr\u00f3nicos en los senos paranasales? \u00bfPor qu\u00e9 no llama hoy mismo al Dr. Greg Levitin y programa una consulta gratuita o navega por nuestra p\u00e1gina web para obtener m\u00e1s informaci\u00f3n?\" \/>\n<meta name=\"robots\" content=\"index, follow, max-snippet:-1, max-image-preview:large, max-video-preview:-1\" \/>\n<link rel=\"canonical\" href=\"https:\/\/www.sinusitistreatmentnyc.com\/es\/opciones-de-tratamiento\/\" \/>\n<meta property=\"og:locale\" content=\"es_ES\" \/>\n<meta property=\"og:type\" content=\"article\" \/>\n<meta property=\"og:title\" content=\"Opciones de Tratamiento Contra los Problemas Sinusales Cr\u00f3nicos en Nueva York | Manhattan\" \/>\n<meta property=\"og:description\" content=\"\u00bfEst\u00e1 usted familiarizado con las diferentes opciones de tratamiento contra los problemas cr\u00f3nicos en los senos paranasales? \u00bfPor qu\u00e9 no llama hoy mismo al Dr. Greg Levitin y programa una consulta gratuita o navega por nuestra p\u00e1gina web para obtener m\u00e1s informaci\u00f3n?\" \/>\n<meta property=\"og:url\" content=\"https:\/\/www.sinusitistreatmentnyc.com\/es\/opciones-de-tratamiento\/\" \/>\n<meta property=\"og:site_name\" content=\"New York Sinusitis Treatment\" \/>\n<meta property=\"article:modified_time\" content=\"2025-02-03T21:37:50+00:00\" \/>\n<meta name=\"twitter:card\" content=\"summary_large_image\" \/>\n<meta name=\"twitter:label1\" content=\"Tiempo de lectura\" \/>\n\t<meta name=\"twitter:data1\" content=\"3 minutos\" \/>\n<!-- \/ Yoast SEO plugin. -->","yoast_head_json":{"title":"Opciones de Tratamiento Contra los Problemas Sinusales Cr\u00f3nicos en Nueva York | Manhattan","description":"\u00bfEst\u00e1 usted familiarizado con las diferentes opciones de tratamiento contra los problemas cr\u00f3nicos en los senos paranasales? \u00bfPor qu\u00e9 no llama hoy mismo al Dr. Greg Levitin y programa una consulta gratuita o navega por nuestra p\u00e1gina web para obtener m\u00e1s informaci\u00f3n?","robots":{"index":"index","follow":"follow","max-snippet":"max-snippet:-1","max-image-preview":"max-image-preview:large","max-video-preview":"max-video-preview:-1"},"canonical":"https:\/\/www.sinusitistreatmentnyc.com\/es\/opciones-de-tratamiento\/","og_locale":"es_ES","og_type":"article","og_title":"Opciones de Tratamiento Contra los Problemas Sinusales Cr\u00f3nicos en Nueva York | Manhattan","og_description":"\u00bfEst\u00e1 usted familiarizado con las diferentes opciones de tratamiento contra los problemas cr\u00f3nicos en los senos paranasales? \u00bfPor qu\u00e9 no llama hoy mismo al Dr. Greg Levitin y programa una consulta gratuita o navega por nuestra p\u00e1gina web para obtener m\u00e1s informaci\u00f3n?","og_url":"https:\/\/www.sinusitistreatmentnyc.com\/es\/opciones-de-tratamiento\/","og_site_name":"New York Sinusitis Treatment","article_modified_time":"2025-02-03T21:37:50+00:00","twitter_card":"summary_large_image","twitter_misc":{"Tiempo de lectura":"3 minutos"},"schema":{"@context":"https:\/\/schema.org","@graph":[{"@type":"WebPage","@id":"https:\/\/www.sinusitistreatmentnyc.com\/es\/opciones-de-tratamiento\/","url":"https:\/\/www.sinusitistreatmentnyc.com\/es\/opciones-de-tratamiento\/","name":"Opciones de Tratamiento Contra los Problemas Sinusales Cr\u00f3nicos en Nueva York | Manhattan","isPartOf":{"@id":"https:\/\/www.sinusitistreatmentnyc.com\/es\/#website"},"datePublished":"2021-08-03T14:25:07+00:00","dateModified":"2025-02-03T21:37:50+00:00","description":"\u00bfEst\u00e1 usted familiarizado con las diferentes opciones de tratamiento contra los problemas cr\u00f3nicos en los senos paranasales? \u00bfPor qu\u00e9 no llama hoy mismo al Dr. Greg Levitin y programa una consulta gratuita o navega por nuestra p\u00e1gina web para obtener m\u00e1s informaci\u00f3n?","breadcrumb":{"@id":"https:\/\/www.sinusitistreatmentnyc.com\/es\/opciones-de-tratamiento\/#breadcrumb"},"inLanguage":"es","potentialAction":[{"@type":"ReadAction","target":["https:\/\/www.sinusitistreatmentnyc.com\/es\/opciones-de-tratamiento\/"]}]},{"@type":"BreadcrumbList","@id":"https:\/\/www.sinusitistreatmentnyc.com\/es\/opciones-de-tratamiento\/#breadcrumb","itemListElement":[{"@type":"ListItem","position":1,"name":"Home","item":"https:\/\/www.sinusitistreatmentnyc.com\/es\/"},{"@type":"ListItem","position":2,"name":"Tratamientos Opcionales"}]},{"@type":"WebSite","@id":"https:\/\/www.sinusitistreatmentnyc.com\/es\/#website","url":"https:\/\/www.sinusitistreatmentnyc.com\/es\/","name":"New York Sinusitis Treatment","description":"","potentialAction":[{"@type":"SearchAction","target":{"@type":"EntryPoint","urlTemplate":"https:\/\/www.sinusitistreatmentnyc.com\/es\/?s={search_term_string}"},"query-input":{"@type":"PropertyValueSpecification","valueRequired":true,"valueName":"search_term_string"}}],"inLanguage":"es"}]}},"_links":{"self":[{"href":"https:\/\/www.sinusitistreatmentnyc.com\/es\/wp-json\/wp\/v2\/pages\/1088","targetHints":{"allow":["GET"]}}],"collection":[{"href":"https:\/\/www.sinusitistreatmentnyc.com\/es\/wp-json\/wp\/v2\/pages"}],"about":[{"href":"https:\/\/www.sinusitistreatmentnyc.com\/es\/wp-json\/wp\/v2\/types\/page"}],"author":[{"embeddable":true,"href":"https:\/\/www.sinusitistreatmentnyc.com\/es\/wp-json\/wp\/v2\/users\/1"}],"replies":[{"embeddable":true,"href":"https:\/\/www.sinusitistreatmentnyc.com\/es\/wp-json\/wp\/v2\/comments?post=1088"}],"version-history":[{"count":5,"href":"https:\/\/www.sinusitistreatmentnyc.com\/es\/wp-json\/wp\/v2\/pages\/1088\/revisions"}],"predecessor-version":[{"id":1899,"href":"https:\/\/www.sinusitistreatmentnyc.com\/es\/wp-json\/wp\/v2\/pages\/1088\/revisions\/1899"}],"wp:attachment":[{"href":"https:\/\/www.sinusitistreatmentnyc.com\/es\/wp-json\/wp\/v2\/media?parent=1088"}],"curies":[{"name":"wp","href":"https:\/\/api.w.org\/{rel}","templated":true}]}}