{"id":1084,"date":"2021-08-03T14:17:23","date_gmt":"2021-08-03T14:17:23","guid":{"rendered":"https:\/\/www.sinusitistreatmentnyc.com\/?page_id=1084"},"modified":"2021-09-07T22:24:17","modified_gmt":"2021-09-07T22:24:17","slug":"que-causa-la-sinusitis","status":"publish","type":"page","link":"https:\/\/www.sinusitistreatmentnyc.com\/es\/que-causa-la-sinusitis\/","title":{"rendered":"\u00bfQu\u00e9 causa la sinusitis?"},"content":{"rendered":"<h1>\u00bfQU\u00c9 CAUSA LA SINUSITIS?<\/h1>\n<p>Existen m\u00e1s causas que provocan la sinusitis de las que usted pueda imaginar. La forma m\u00e1s com\u00fan de la afecci\u00f3n (sinusitis aguda) generalmente se desarrolla como resultado de una infecci\u00f3n combinada con otras enfermedades, como un resfriado o la gripe. Cuando un virus, bacteria o ambos entran en los senos paranasales, provocan una infecci\u00f3n que causa inflamaciones. El impacto de \u00e9stas var\u00eda y puede durar unas semanas o persistir durante mucho m\u00e1s tiempo (sinusitis cr\u00f3nica). Las infecciones orales tambi\u00e9n pueden extenderse a los senos paranasales, lo que igualmente puede desembocar en sinusitis agudas o cr\u00f3nicas.<\/p>\n<p>Cuando la estructura de los senos paranasales se da\u00f1a como consecuencia de la infecci\u00f3n provocada por una sinusitis aguda, suelen aparecer complicaciones. En otras circunstancias, el paciente es simplemente m\u00e1s susceptible a las infecciones debido a otros problemas de salud. Si usted sufre de alergias, p\u00f3lipos nasales, asma, anomal\u00edas cong\u00e9nitas o un sistema inmunol\u00f3gico debilitado, el riesgo de desarrollar sinusitis cr\u00f3nica es mucho mayor de lo normal. Cuando no hay una causa clara que justifique la evoluci\u00f3n de una enfermedad com\u00fan a una sinusitis aguda o cr\u00f3nica, es importante buscar el diagn\u00f3stico m\u00e9dico que determine si existe alg\u00fan problema grave subyacente.<\/p>\n<p>Las causas cong\u00e9nitas de la sinusitis a menudo son detectadas durante la infancia, lo que permite a los padres considerar opciones de tratamiento que mejoren la calidad de vida del ni\u00f1o. Si su hijo o hija presenta los s\u00edntomas de una sinusitis cr\u00f3nica, consulte con el Dr. Greg Levitin, para que determine si existe un posible factor cong\u00e9nito involucrado, y as\u00ed poder proporcionar a su peque\u00f1o el tan necesario alivio.<\/p>\n<h2>\u00bfQU\u00c9 TRATAMIENTOS FUNCIONAN MEJOR?<\/h2>\n<p>Debido a la variedad de causas posibles de sinusitis, encontrar alivio depender\u00e1 de la efectividad del tratamiento. En los casos de sinusitis aguda, los medicamentos suelen proporcionar alivio a partir de la segunda o tercera semanas de su administraci\u00f3n. Si la afecci\u00f3n persiste y experimenta s\u00edntomas graves como dolores de cabeza, dolor o incomodidad en la cara o malestar generalizado, es probable que usted est\u00e9 sufriendo de la forma cr\u00f3nica de la enfermedad. Un m\u00e9dico experimentado le recomendar\u00e1 que siga el tratamiento que le proporcione el alivio m\u00e1s permanente y as\u00ed evitar sufrir episodios persistentes de sinusitis.<\/p>\n<p>Los medicamentos pueden funcionar en aquellos pacientes que sufren de sinusitis cr\u00f3nica. Sin embargo, las infecciones continuadas pueden causar un da\u00f1o adicional a los senos paranasales, lo que pudiera provocar que los s\u00edntomas se vuelvan m\u00e1s graves con el tiempo. Abordar las causas subyacentes de la sinusitis de forma prematura aumentar\u00e1, en la mayor\u00eda de los casos, la eficacia de tratamientos como la sinuplastia con bal\u00f3n o la cirug\u00eda. El Dr. Greg Levitin le proporcionar\u00e1 una evaluaci\u00f3n completa, de acuerdo con sus necesidades y le recomendar\u00e1 la opci\u00f3n de tratamiento que proporcione beneficios m\u00e1s adecuados y duraderos en el tiempo.<\/p>\n<p>Si usted todav\u00eda tiene dudas sobre sus s\u00edntomas o recientemente ha sido diagnosticado con sinusitis cr\u00f3nica, p\u00f3ngase hoy mismo en contacto con el Dr. Greg Levitin y programe una consulta. Nuestro equipo se pondr\u00e1 a su disposici\u00f3n y le asesorar\u00e1 sobre las distintas opciones de tratamiento, incluida la sinuplastia con bal\u00f3n, realizada por el mismo Dr. Greg Levitin.<\/p>\n","protected":false},"excerpt":{"rendered":"<p>\u00bfQU\u00c9 CAUSA LA SINUSITIS? Existen m\u00e1s causas que provocan la sinusitis de las que usted pueda imaginar. La forma m\u00e1s com\u00fan de la afecci\u00f3n (sinusitis aguda) generalmente se desarrolla como resultado de una infecci\u00f3n combinada con otras enfermedades, como un resfriado o la gripe. Cuando un virus, bacteria o ambos entran en los senos paranasales,&#8230;<\/p>\n<p><a class=\"btn btn-secondary\" href=\"https:\/\/www.sinusitistreatmentnyc.com\/es\/que-causa-la-sinusitis\/\">Continue reading <i class=\"fas fa-arrow-right\"><\/i><\/a><\/p>\n","protected":false},"author":1,"featured_media":0,"parent":1071,"menu_order":0,"comment_status":"closed","ping_status":"closed","template":"","meta":{"_acf_changed":false,"footnotes":""},"class_list":["post-1084","page","type-page","status-publish","hentry"],"acf":[],"yoast_head":"<!-- This site is optimized with the Yoast SEO plugin v27.4 - https:\/\/yoast.com\/product\/yoast-seo-wordpress\/ -->\n<title>\u00bfQu\u00e9 Causa la Sinusitis? | Alivio de las Infecciones en los Senos Paranasales en Manhattan, Nueva York<\/title>\n<meta name=\"description\" content=\"\u00bfCu\u00e1les son las causas de la sinusitis? El Dr. Greg Levitin es especialista en el diagn\u00f3stico y tratamiento eficaz contra la sinusitis cr\u00f3nica, consiguiendo un alivio efectivo y duradero.\" \/>\n<meta name=\"robots\" content=\"index, follow, max-snippet:-1, max-image-preview:large, max-video-preview:-1\" \/>\n<link rel=\"canonical\" href=\"https:\/\/www.sinusitistreatmentnyc.com\/es\/que-causa-la-sinusitis\/\" \/>\n<meta property=\"og:locale\" content=\"es_ES\" \/>\n<meta property=\"og:type\" content=\"article\" \/>\n<meta property=\"og:title\" content=\"\u00bfQu\u00e9 Causa la Sinusitis? | Alivio de las Infecciones en los Senos Paranasales en Manhattan, Nueva York\" \/>\n<meta property=\"og:description\" content=\"\u00bfCu\u00e1les son las causas de la sinusitis? El Dr. Greg Levitin es especialista en el diagn\u00f3stico y tratamiento eficaz contra la sinusitis cr\u00f3nica, consiguiendo un alivio efectivo y duradero.\" \/>\n<meta property=\"og:url\" content=\"https:\/\/www.sinusitistreatmentnyc.com\/es\/que-causa-la-sinusitis\/\" \/>\n<meta property=\"og:site_name\" content=\"New York Sinusitis Treatment\" \/>\n<meta property=\"article:modified_time\" content=\"2021-09-07T22:24:17+00:00\" \/>\n<meta name=\"twitter:card\" content=\"summary_large_image\" \/>\n<!-- \/ Yoast SEO plugin. -->","yoast_head_json":{"title":"\u00bfQu\u00e9 Causa la Sinusitis? | Alivio de las Infecciones en los Senos Paranasales en Manhattan, Nueva York","description":"\u00bfCu\u00e1les son las causas de la sinusitis? El Dr. Greg Levitin es especialista en el diagn\u00f3stico y tratamiento eficaz contra la sinusitis cr\u00f3nica, consiguiendo un alivio efectivo y duradero.","robots":{"index":"index","follow":"follow","max-snippet":"max-snippet:-1","max-image-preview":"max-image-preview:large","max-video-preview":"max-video-preview:-1"},"canonical":"https:\/\/www.sinusitistreatmentnyc.com\/es\/que-causa-la-sinusitis\/","og_locale":"es_ES","og_type":"article","og_title":"\u00bfQu\u00e9 Causa la Sinusitis? | Alivio de las Infecciones en los Senos Paranasales en Manhattan, Nueva York","og_description":"\u00bfCu\u00e1les son las causas de la sinusitis? El Dr. Greg Levitin es especialista en el diagn\u00f3stico y tratamiento eficaz contra la sinusitis cr\u00f3nica, consiguiendo un alivio efectivo y duradero.","og_url":"https:\/\/www.sinusitistreatmentnyc.com\/es\/que-causa-la-sinusitis\/","og_site_name":"New York Sinusitis Treatment","article_modified_time":"2021-09-07T22:24:17+00:00","twitter_card":"summary_large_image","schema":{"@context":"https:\/\/schema.org","@graph":[{"@type":"WebPage","@id":"https:\/\/www.sinusitistreatmentnyc.com\/es\/que-causa-la-sinusitis\/","url":"https:\/\/www.sinusitistreatmentnyc.com\/es\/que-causa-la-sinusitis\/","name":"\u00bfQu\u00e9 Causa la Sinusitis? | Alivio de las Infecciones en los Senos Paranasales en Manhattan, Nueva York","isPartOf":{"@id":"https:\/\/www.sinusitistreatmentnyc.com\/es\/#website"},"datePublished":"2021-08-03T14:17:23+00:00","dateModified":"2021-09-07T22:24:17+00:00","description":"\u00bfCu\u00e1les son las causas de la sinusitis? El Dr. Greg Levitin es especialista en el diagn\u00f3stico y tratamiento eficaz contra la sinusitis cr\u00f3nica, consiguiendo un alivio efectivo y duradero.","breadcrumb":{"@id":"https:\/\/www.sinusitistreatmentnyc.com\/es\/que-causa-la-sinusitis\/#breadcrumb"},"inLanguage":"es","potentialAction":[{"@type":"ReadAction","target":["https:\/\/www.sinusitistreatmentnyc.com\/es\/que-causa-la-sinusitis\/"]}]},{"@type":"BreadcrumbList","@id":"https:\/\/www.sinusitistreatmentnyc.com\/es\/que-causa-la-sinusitis\/#breadcrumb","itemListElement":[{"@type":"ListItem","position":1,"name":"Home","item":"https:\/\/www.sinusitistreatmentnyc.com\/es\/"},{"@type":"ListItem","position":2,"name":"Informaci\u00f3n Sobre la Sinusitis","item":"https:\/\/www.sinusitistreatmentnyc.com\/es\/sinusitis\/"},{"@type":"ListItem","position":3,"name":"\u00bfQu\u00e9 causa la sinusitis?"}]},{"@type":"WebSite","@id":"https:\/\/www.sinusitistreatmentnyc.com\/es\/#website","url":"https:\/\/www.sinusitistreatmentnyc.com\/es\/","name":"New York Sinusitis Treatment","description":"","potentialAction":[{"@type":"SearchAction","target":{"@type":"EntryPoint","urlTemplate":"https:\/\/www.sinusitistreatmentnyc.com\/es\/?s={search_term_string}"},"query-input":{"@type":"PropertyValueSpecification","valueRequired":true,"valueName":"search_term_string"}}],"inLanguage":"es"}]}},"_links":{"self":[{"href":"https:\/\/www.sinusitistreatmentnyc.com\/es\/wp-json\/wp\/v2\/pages\/1084","targetHints":{"allow":["GET"]}}],"collection":[{"href":"https:\/\/www.sinusitistreatmentnyc.com\/es\/wp-json\/wp\/v2\/pages"}],"about":[{"href":"https:\/\/www.sinusitistreatmentnyc.com\/es\/wp-json\/wp\/v2\/types\/page"}],"author":[{"embeddable":true,"href":"https:\/\/www.sinusitistreatmentnyc.com\/es\/wp-json\/wp\/v2\/users\/1"}],"replies":[{"embeddable":true,"href":"https:\/\/www.sinusitistreatmentnyc.com\/es\/wp-json\/wp\/v2\/comments?post=1084"}],"version-history":[{"count":4,"href":"https:\/\/www.sinusitistreatmentnyc.com\/es\/wp-json\/wp\/v2\/pages\/1084\/revisions"}],"predecessor-version":[{"id":1240,"href":"https:\/\/www.sinusitistreatmentnyc.com\/es\/wp-json\/wp\/v2\/pages\/1084\/revisions\/1240"}],"up":[{"embeddable":true,"href":"https:\/\/www.sinusitistreatmentnyc.com\/es\/wp-json\/wp\/v2\/pages\/1071"}],"wp:attachment":[{"href":"https:\/\/www.sinusitistreatmentnyc.com\/es\/wp-json\/wp\/v2\/media?parent=1084"}],"curies":[{"name":"wp","href":"https:\/\/api.w.org\/{rel}","templated":true}]}}