{"id":1080,"date":"2021-08-03T14:08:47","date_gmt":"2021-08-03T14:08:47","guid":{"rendered":"https:\/\/www.sinusitistreatmentnyc.com\/?page_id=1080"},"modified":"2021-09-07T22:14:55","modified_gmt":"2021-09-07T22:14:55","slug":"cuales-son-los-sintomas-de-la-sinusitis","status":"publish","type":"page","link":"https:\/\/www.sinusitistreatmentnyc.com\/es\/cuales-son-los-sintomas-de-la-sinusitis\/","title":{"rendered":"\u00bfCu\u00e1les son los S\u00edntomas de la Sinusitis?"},"content":{"rendered":"<h1>\u00bfCu\u00e1les son los S\u00edntomas de la Sinusitis?<\/h1>\n<p>Aunque en los Estados Unidos existen millones de enfermos de sinusitis confirmados, la mayor\u00eda de las personas no reconocen perfectamente sus s\u00edntomas. Los casos agudos generalmente no duran m\u00e1s de unas pocas semanas y son tratables con medicaci\u00f3n y reposo. Sin embargo, cuando la problem\u00e1tica persiste o se experimenta repetidamente a lo largo del a\u00f1o, resulta m\u00e1s probable que estemos ante un diagn\u00f3stico de sinusitis cr\u00f3nica. En estos casos es posible que la medicaci\u00f3n no funcione como ser\u00eda deseable o solo proporcione alivio temporal, hasta la pr\u00f3xima vez que el paciente vuelva a mostrar s\u00edntomas.<\/p>\n<p>Si usted siente que, de manera repetida experimenta secreciones o taponamientos nasales, dolores de cabeza sinusales, fiebre y agotamiento, existe una gran probabilidad de que est\u00e9 sufriendo de sinusitis cr\u00f3nica. La medicaci\u00f3n que reciba puede proporcionarle alivio, pero tambi\u00e9n pudiera no funcionar en absoluto. Sin embargo, el hecho de que tenga que tratar continuamente los s\u00edntomas de la sinusitis o tomar medidas para evitar las infecciones nasales que \u00e9sta provoca, hace m\u00e1s recomendable aun la b\u00fasqueda de una soluci\u00f3n que proporcione un alivio duradero.<\/p>\n<p>El dolor y las incomodidades que la sinusitis cr\u00f3nica ocasionan, pueden llegar a ser tan severos que afectan tanto al estado general de salud del que la padece, como a su bienestar emocional. Por ello, recibir un diagn\u00f3stico correcto que confirme las causas reales del padecimiento, es muy importante y ayuda a proporcionar un tratamiento realmente efectivo. El Dr. Greg Levitin puede llevar a cabo procedimientos seguros y eficaces, como una sinuplastia con bal\u00f3n, dise\u00f1ada espec\u00edficamente para abordar los s\u00edntomas graves de la sinusitis.<\/p>\n<h2>SINTOMATOLOG\u00cdA GRAVE<\/h2>\n<p>La mayor\u00eda de las personas sufrir\u00e1n, a lo largo de sus vidas, resfriados leves o infecciones sinusales. Sin embargo, cuando hay un defecto en las cavidades nasales o un problema que provoca infecciones sinusales frecuentes, suelen resultar en sinusitis cr\u00f3nicas que no desaparecen sino hasta la intervenci\u00f3n m\u00e9dica. La elecci\u00f3n de la opci\u00f3n correcta de tratamiento requerir\u00e1 de un diagn\u00f3stico adecuado del problema, as\u00ed como de la identificaci\u00f3n de aquellos factores de salud que est\u00e1n contribuyendo a que los senos paranasales se inflamen.<\/p>\n<p>Los s\u00edntomas de la sinusitis se agravan como consecuencia de la continuada presi\u00f3n que los senos paranasales ejercen sobre el resto de la cara, permitiendo que las infecciones no respondan a la medicaci\u00f3n y \u00e9stas se repitan con frecuencia. Una sinuplastia con bal\u00f3n de dilataci\u00f3n abre los senos paranasales y reduce significativamente los s\u00edntomas de la sinusitis. No requiere de una cirug\u00eda invasiva y est\u00e1 demostrado que, en la mayor\u00eda de los pacientes, disminuye de manera importante las infecciones sinusales.<\/p>\n<p>Cuando las alergias son un factor importante en la aparici\u00f3n de la sinusitis, existe tambi\u00e9n un mayor riesgo de sufrir infecciones, y el paciente se suele ver afectado por s\u00edntomas m\u00e1s severos ante ambos padecimientos. El Dr. Greg Levitin puede asesorarle en su cl\u00ednica sobre los diferentes tratamientos que proporciona para ofrecerle una soluci\u00f3n a las frecuentes infecciones y los s\u00edntomas asociados que le afectan.<\/p>\n<p>Si usted est\u00e1 experimentando s\u00edntomas graves de sinusitis cr\u00f3nica, comun\u00edquese hoy mismo con el Dr. Greg Levitin. Estamos seguros de poder brindarle el alivio efectivo que usted necesita.<\/p>\n","protected":false},"excerpt":{"rendered":"<p>\u00bfCu\u00e1les son los S\u00edntomas de la Sinusitis? Aunque en los Estados Unidos existen millones de enfermos de sinusitis confirmados, la mayor\u00eda de las personas no reconocen perfectamente sus s\u00edntomas. Los casos agudos generalmente no duran m\u00e1s de unas pocas semanas y son tratables con medicaci\u00f3n y reposo. Sin embargo, cuando la problem\u00e1tica persiste o se&#8230;<\/p>\n<p><a class=\"btn btn-secondary\" href=\"https:\/\/www.sinusitistreatmentnyc.com\/es\/cuales-son-los-sintomas-de-la-sinusitis\/\">Continue reading <i class=\"fas fa-arrow-right\"><\/i><\/a><\/p>\n","protected":false},"author":1,"featured_media":0,"parent":1071,"menu_order":0,"comment_status":"closed","ping_status":"closed","template":"","meta":{"_acf_changed":false,"footnotes":""},"class_list":["post-1080","page","type-page","status-publish","hentry"],"acf":[],"yoast_head":"<!-- This site is optimized with the Yoast SEO plugin v26.9 - https:\/\/yoast.com\/product\/yoast-seo-wordpress\/ -->\n<title>\u00bfCu\u00e1les son los s\u00edntomas de la sinusitis? | Manhattan, Nueva York<\/title>\n<meta name=\"description\" content=\"\u00bfTiene usted alg\u00fan s\u00edntoma de la sinusitis aguda o cr\u00f3nica? El Dr. Greg Levitin est\u00e1 aqu\u00ed para ayudarle. Llame hoy mismo y solicite m\u00e1s informaci\u00f3n acerca de nuestro tratamiento de sinuplastia con bal\u00f3n.\" \/>\n<meta name=\"robots\" content=\"index, follow, max-snippet:-1, max-image-preview:large, max-video-preview:-1\" \/>\n<link rel=\"canonical\" href=\"https:\/\/www.sinusitistreatmentnyc.com\/es\/cuales-son-los-sintomas-de-la-sinusitis\/\" \/>\n<meta property=\"og:locale\" content=\"es_ES\" \/>\n<meta property=\"og:type\" content=\"article\" \/>\n<meta property=\"og:title\" content=\"\u00bfCu\u00e1les son los s\u00edntomas de la sinusitis? | Manhattan, Nueva York\" \/>\n<meta property=\"og:description\" content=\"\u00bfTiene usted alg\u00fan s\u00edntoma de la sinusitis aguda o cr\u00f3nica? El Dr. Greg Levitin est\u00e1 aqu\u00ed para ayudarle. Llame hoy mismo y solicite m\u00e1s informaci\u00f3n acerca de nuestro tratamiento de sinuplastia con bal\u00f3n.\" \/>\n<meta property=\"og:url\" content=\"https:\/\/www.sinusitistreatmentnyc.com\/es\/cuales-son-los-sintomas-de-la-sinusitis\/\" \/>\n<meta property=\"og:site_name\" content=\"New York Sinusitis Treatment\" \/>\n<meta property=\"article:modified_time\" content=\"2021-09-07T22:14:55+00:00\" \/>\n<meta name=\"twitter:card\" content=\"summary_large_image\" \/>\n<!-- \/ Yoast SEO plugin. -->","yoast_head_json":{"title":"\u00bfCu\u00e1les son los s\u00edntomas de la sinusitis? | Manhattan, Nueva York","description":"\u00bfTiene usted alg\u00fan s\u00edntoma de la sinusitis aguda o cr\u00f3nica? El Dr. Greg Levitin est\u00e1 aqu\u00ed para ayudarle. Llame hoy mismo y solicite m\u00e1s informaci\u00f3n acerca de nuestro tratamiento de sinuplastia con bal\u00f3n.","robots":{"index":"index","follow":"follow","max-snippet":"max-snippet:-1","max-image-preview":"max-image-preview:large","max-video-preview":"max-video-preview:-1"},"canonical":"https:\/\/www.sinusitistreatmentnyc.com\/es\/cuales-son-los-sintomas-de-la-sinusitis\/","og_locale":"es_ES","og_type":"article","og_title":"\u00bfCu\u00e1les son los s\u00edntomas de la sinusitis? | Manhattan, Nueva York","og_description":"\u00bfTiene usted alg\u00fan s\u00edntoma de la sinusitis aguda o cr\u00f3nica? El Dr. Greg Levitin est\u00e1 aqu\u00ed para ayudarle. Llame hoy mismo y solicite m\u00e1s informaci\u00f3n acerca de nuestro tratamiento de sinuplastia con bal\u00f3n.","og_url":"https:\/\/www.sinusitistreatmentnyc.com\/es\/cuales-son-los-sintomas-de-la-sinusitis\/","og_site_name":"New York Sinusitis Treatment","article_modified_time":"2021-09-07T22:14:55+00:00","twitter_card":"summary_large_image","schema":{"@context":"https:\/\/schema.org","@graph":[{"@type":"WebPage","@id":"https:\/\/www.sinusitistreatmentnyc.com\/es\/cuales-son-los-sintomas-de-la-sinusitis\/","url":"https:\/\/www.sinusitistreatmentnyc.com\/es\/cuales-son-los-sintomas-de-la-sinusitis\/","name":"\u00bfCu\u00e1les son los s\u00edntomas de la sinusitis? | Manhattan, Nueva York","isPartOf":{"@id":"https:\/\/www.sinusitistreatmentnyc.com\/es\/#website"},"datePublished":"2021-08-03T14:08:47+00:00","dateModified":"2021-09-07T22:14:55+00:00","description":"\u00bfTiene usted alg\u00fan s\u00edntoma de la sinusitis aguda o cr\u00f3nica? El Dr. Greg Levitin est\u00e1 aqu\u00ed para ayudarle. Llame hoy mismo y solicite m\u00e1s informaci\u00f3n acerca de nuestro tratamiento de sinuplastia con bal\u00f3n.","breadcrumb":{"@id":"https:\/\/www.sinusitistreatmentnyc.com\/es\/cuales-son-los-sintomas-de-la-sinusitis\/#breadcrumb"},"inLanguage":"es","potentialAction":[{"@type":"ReadAction","target":["https:\/\/www.sinusitistreatmentnyc.com\/es\/cuales-son-los-sintomas-de-la-sinusitis\/"]}]},{"@type":"BreadcrumbList","@id":"https:\/\/www.sinusitistreatmentnyc.com\/es\/cuales-son-los-sintomas-de-la-sinusitis\/#breadcrumb","itemListElement":[{"@type":"ListItem","position":1,"name":"Home","item":"https:\/\/www.sinusitistreatmentnyc.com\/es\/"},{"@type":"ListItem","position":2,"name":"Informaci\u00f3n Sobre la Sinusitis","item":"https:\/\/www.sinusitistreatmentnyc.com\/es\/sinusitis\/"},{"@type":"ListItem","position":3,"name":"\u00bfCu\u00e1les son los S\u00edntomas de la Sinusitis?"}]},{"@type":"WebSite","@id":"https:\/\/www.sinusitistreatmentnyc.com\/es\/#website","url":"https:\/\/www.sinusitistreatmentnyc.com\/es\/","name":"New York Sinusitis Treatment","description":"","potentialAction":[{"@type":"SearchAction","target":{"@type":"EntryPoint","urlTemplate":"https:\/\/www.sinusitistreatmentnyc.com\/es\/?s={search_term_string}"},"query-input":{"@type":"PropertyValueSpecification","valueRequired":true,"valueName":"search_term_string"}}],"inLanguage":"es"}]}},"_links":{"self":[{"href":"https:\/\/www.sinusitistreatmentnyc.com\/es\/wp-json\/wp\/v2\/pages\/1080","targetHints":{"allow":["GET"]}}],"collection":[{"href":"https:\/\/www.sinusitistreatmentnyc.com\/es\/wp-json\/wp\/v2\/pages"}],"about":[{"href":"https:\/\/www.sinusitistreatmentnyc.com\/es\/wp-json\/wp\/v2\/types\/page"}],"author":[{"embeddable":true,"href":"https:\/\/www.sinusitistreatmentnyc.com\/es\/wp-json\/wp\/v2\/users\/1"}],"replies":[{"embeddable":true,"href":"https:\/\/www.sinusitistreatmentnyc.com\/es\/wp-json\/wp\/v2\/comments?post=1080"}],"version-history":[{"count":4,"href":"https:\/\/www.sinusitistreatmentnyc.com\/es\/wp-json\/wp\/v2\/pages\/1080\/revisions"}],"predecessor-version":[{"id":1238,"href":"https:\/\/www.sinusitistreatmentnyc.com\/es\/wp-json\/wp\/v2\/pages\/1080\/revisions\/1238"}],"up":[{"embeddable":true,"href":"https:\/\/www.sinusitistreatmentnyc.com\/es\/wp-json\/wp\/v2\/pages\/1071"}],"wp:attachment":[{"href":"https:\/\/www.sinusitistreatmentnyc.com\/es\/wp-json\/wp\/v2\/media?parent=1080"}],"curies":[{"name":"wp","href":"https:\/\/api.w.org\/{rel}","templated":true}]}}