{"id":1076,"date":"2021-08-03T14:01:15","date_gmt":"2021-08-03T14:01:15","guid":{"rendered":"https:\/\/www.sinusitistreatmentnyc.com\/?page_id=1076"},"modified":"2021-08-05T09:03:08","modified_gmt":"2021-08-05T09:03:08","slug":"sinusitis-aguda-y-cronica","status":"publish","type":"page","link":"https:\/\/www.sinusitistreatmentnyc.com\/es\/sinusitis-aguda-y-cronica\/","title":{"rendered":"Sinusitis Aguda y Cr\u00f3nica"},"content":{"rendered":"<h1>Sinusitis Aguda y Cr\u00f3nica<\/h1>\n<p>Tan solo en los Estados Unidos existen alrededor de 30 millones de enfermos de sinusitis confirmados. Sin embargo, muchos de estos pacientes sufren de lo que se conoce como sinusitis cr\u00f3nica en lugar de aguda, y es posible que ni siquiera lo sepan. Hay una gran cantidad de similitudes entre los dos padecimientos, pero tambi\u00e9n existen algunas diferencias importantes y a tener en cuenta. La m\u00e1s notable es que, generalmente, la sinusitis aguda responde bien a la medicaci\u00f3n y los pacientes no suelen experimentar episodios frecuentemente.<\/p>\n<p>Conocer bien la diferencia ayuda a que los pacientes tomen decisiones informadas sobre c\u00f3mo abordar los inc\u00f3modos s\u00edntomas y encontrar alivio a los dolores. Tratar la sinusitis persistente con medicamentos que han demostrado ser ineficaces se vuelve un ejercicio in\u00fatil. Con el fin de atender de forma segura y eficaz la sinusitis, existe toda una serie de factores clave a considerar. La sinusitis tiene lugar en cavidades nasales inflamadas como consecuencia de una infecci\u00f3n, taponamiento o exceso de mucosidad.<\/p>\n<p>Una secreci\u00f3n de mucosidad verde, amarilla o transparente como causa de la congesti\u00f3n nasal, es un s\u00edntoma com\u00fan de la sinusitis. Tambi\u00e9n se puede experimentar toda una serie de s\u00edntomas adicionales, incluyendo hinchaz\u00f3n o sensaci\u00f3n de presi\u00f3n alrededor de los senos paranasales, tos, dolor de garganta, fatiga, fiebre y, en general, sensaci\u00f3n de agotamiento. Estas se\u00f1ales, por s\u00ed solas, no son suficientes para asegurar que usted padece de sinusitis aguda o cr\u00f3nica. La severidad de los s\u00edntomas, la duraci\u00f3n de \u00e9stos y la frecuencia en que el paciente sufre dichos problemas, son algunos de los factores m\u00e1s determinantes a la hora de buscar el tratamiento m\u00e1s eficaz.<\/p>\n<h2>OPCIONES DE TRATAMIENTO<\/h2>\n<p>Si usted sufre de infecciones sinusales tres o m\u00e1s veces al a\u00f1o, independientemente de la gravedad de las mismas, lo m\u00e1s probable es que est\u00e9 lidiando con una sinusitis cr\u00f3nica. Incluso si el problema mejorara al cabo de 2-3 semanas gracias a la medicaci\u00f3n y los cambios en los h\u00e1bitos de vida, usted todav\u00eda estar\u00eda teniendo que soportar dolores y malestar durante una parte significativa del a\u00f1o. Buscar opciones de tratamiento m\u00e1s efectivas le proporcionar\u00e1 un alivio duradero que le prevendr\u00e1 de futuras infecciones. El Dr. Greg Levitin realiza un procedimiento conocido como sinuplastia con bal\u00f3n que, a la vez de ser m\u00ednimamente invasivo, requiere de un periodo de recuperaci\u00f3n mucho m\u00e1s corto que las cirug\u00edas.<\/p>\n<p>Este tipo de tratamiento es adecuado para aquellos pacientes que sufren de sinusitis cr\u00f3nica, especialmente cuando la causa est\u00e1 relacionada con un defecto en las cavidades nasales que provoca inflamaciones persistentes. El procedimiento consiste en abrir las cavidades, evitando as\u00ed que se produzcan infecciones y taponamientos, permitiendo de esta manera que el paciente encuentre un r\u00e1pido alivio a los s\u00edntomas m\u00e1s graves asociados con la sinusitis. Si usted ha sido diagnosticado con sinusitis cr\u00f3nica, el Dr. Greg Levitin se pondr\u00e1 a su disposici\u00f3n en su cl\u00ednica de Nueva York.<\/p>\n<p>No permita que los molestos y perjudiciales efectos de la sinusitis arruinen su vida. Busque el tratamiento profesional que un cirujano experimentado le puede ofrecer y p\u00f3ngase en contacto con el Dr. Greg Levitin hoy mismo para obtener m\u00e1s informaci\u00f3n sobre c\u00f3mo podemos ayudarle a encontrar alivio a sus problemas de infecciones nasales, y lo que conlleva una sinuplastia con bal\u00f3n de dilataci\u00f3n.<\/p>\n","protected":false},"excerpt":{"rendered":"<p>Sinusitis Aguda y Cr\u00f3nica Tan solo en los Estados Unidos existen alrededor de 30 millones de enfermos de sinusitis confirmados. Sin embargo, muchos de estos pacientes sufren de lo que se conoce como sinusitis cr\u00f3nica en lugar de aguda, y es posible que ni siquiera lo sepan. Hay una gran cantidad de similitudes entre los&#8230;<\/p>\n<p><a class=\"btn btn-secondary\" href=\"https:\/\/www.sinusitistreatmentnyc.com\/es\/sinusitis-aguda-y-cronica\/\">Continue reading <i class=\"fas fa-arrow-right\"><\/i><\/a><\/p>\n","protected":false},"author":1,"featured_media":0,"parent":1071,"menu_order":0,"comment_status":"closed","ping_status":"closed","template":"","meta":{"_acf_changed":false,"footnotes":""},"class_list":["post-1076","page","type-page","status-publish","hentry"],"acf":[],"yoast_head":"<!-- This site is optimized with the Yoast SEO plugin v27.4 - https:\/\/yoast.com\/product\/yoast-seo-wordpress\/ -->\n<title>S\u00edntomas de la Sinusitis Aguda y Cr\u00f3nica en Nueva York | Manhattan, Nueva York<\/title>\n<meta name=\"description\" content=\"\u00bfConoce usted la diferencia entre sinusitis aguda y cr\u00f3nica? Obtenga m\u00e1s informaci\u00f3n poni\u00e9ndose en contacto con el Dr. Greg Levitin y reciba un tratamiento que le proporcione un alivio efectivo y duradero.\" \/>\n<meta name=\"robots\" content=\"index, follow, max-snippet:-1, max-image-preview:large, max-video-preview:-1\" \/>\n<link rel=\"canonical\" href=\"https:\/\/www.sinusitistreatmentnyc.com\/es\/sinusitis-aguda-y-cronica\/\" \/>\n<meta property=\"og:locale\" content=\"es_ES\" \/>\n<meta property=\"og:type\" content=\"article\" \/>\n<meta property=\"og:title\" content=\"S\u00edntomas de la Sinusitis Aguda y Cr\u00f3nica en Nueva York | Manhattan, Nueva York\" \/>\n<meta property=\"og:description\" content=\"\u00bfConoce usted la diferencia entre sinusitis aguda y cr\u00f3nica? Obtenga m\u00e1s informaci\u00f3n poni\u00e9ndose en contacto con el Dr. Greg Levitin y reciba un tratamiento que le proporcione un alivio efectivo y duradero.\" \/>\n<meta property=\"og:url\" content=\"https:\/\/www.sinusitistreatmentnyc.com\/es\/sinusitis-aguda-y-cronica\/\" \/>\n<meta property=\"og:site_name\" content=\"New York Sinusitis Treatment\" \/>\n<meta property=\"article:modified_time\" content=\"2021-08-05T09:03:08+00:00\" \/>\n<meta name=\"twitter:card\" content=\"summary_large_image\" \/>\n<!-- \/ Yoast SEO plugin. -->","yoast_head_json":{"title":"S\u00edntomas de la Sinusitis Aguda y Cr\u00f3nica en Nueva York | Manhattan, Nueva York","description":"\u00bfConoce usted la diferencia entre sinusitis aguda y cr\u00f3nica? Obtenga m\u00e1s informaci\u00f3n poni\u00e9ndose en contacto con el Dr. Greg Levitin y reciba un tratamiento que le proporcione un alivio efectivo y duradero.","robots":{"index":"index","follow":"follow","max-snippet":"max-snippet:-1","max-image-preview":"max-image-preview:large","max-video-preview":"max-video-preview:-1"},"canonical":"https:\/\/www.sinusitistreatmentnyc.com\/es\/sinusitis-aguda-y-cronica\/","og_locale":"es_ES","og_type":"article","og_title":"S\u00edntomas de la Sinusitis Aguda y Cr\u00f3nica en Nueva York | Manhattan, Nueva York","og_description":"\u00bfConoce usted la diferencia entre sinusitis aguda y cr\u00f3nica? Obtenga m\u00e1s informaci\u00f3n poni\u00e9ndose en contacto con el Dr. Greg Levitin y reciba un tratamiento que le proporcione un alivio efectivo y duradero.","og_url":"https:\/\/www.sinusitistreatmentnyc.com\/es\/sinusitis-aguda-y-cronica\/","og_site_name":"New York Sinusitis Treatment","article_modified_time":"2021-08-05T09:03:08+00:00","twitter_card":"summary_large_image","schema":{"@context":"https:\/\/schema.org","@graph":[{"@type":"WebPage","@id":"https:\/\/www.sinusitistreatmentnyc.com\/es\/sinusitis-aguda-y-cronica\/","url":"https:\/\/www.sinusitistreatmentnyc.com\/es\/sinusitis-aguda-y-cronica\/","name":"S\u00edntomas de la Sinusitis Aguda y Cr\u00f3nica en Nueva York | Manhattan, Nueva York","isPartOf":{"@id":"https:\/\/www.sinusitistreatmentnyc.com\/es\/#website"},"datePublished":"2021-08-03T14:01:15+00:00","dateModified":"2021-08-05T09:03:08+00:00","description":"\u00bfConoce usted la diferencia entre sinusitis aguda y cr\u00f3nica? Obtenga m\u00e1s informaci\u00f3n poni\u00e9ndose en contacto con el Dr. Greg Levitin y reciba un tratamiento que le proporcione un alivio efectivo y duradero.","breadcrumb":{"@id":"https:\/\/www.sinusitistreatmentnyc.com\/es\/sinusitis-aguda-y-cronica\/#breadcrumb"},"inLanguage":"es","potentialAction":[{"@type":"ReadAction","target":["https:\/\/www.sinusitistreatmentnyc.com\/es\/sinusitis-aguda-y-cronica\/"]}]},{"@type":"BreadcrumbList","@id":"https:\/\/www.sinusitistreatmentnyc.com\/es\/sinusitis-aguda-y-cronica\/#breadcrumb","itemListElement":[{"@type":"ListItem","position":1,"name":"Home","item":"https:\/\/www.sinusitistreatmentnyc.com\/es\/"},{"@type":"ListItem","position":2,"name":"Informaci\u00f3n Sobre la Sinusitis","item":"https:\/\/www.sinusitistreatmentnyc.com\/es\/sinusitis\/"},{"@type":"ListItem","position":3,"name":"Sinusitis Aguda y Cr\u00f3nica"}]},{"@type":"WebSite","@id":"https:\/\/www.sinusitistreatmentnyc.com\/es\/#website","url":"https:\/\/www.sinusitistreatmentnyc.com\/es\/","name":"New York Sinusitis Treatment","description":"","potentialAction":[{"@type":"SearchAction","target":{"@type":"EntryPoint","urlTemplate":"https:\/\/www.sinusitistreatmentnyc.com\/es\/?s={search_term_string}"},"query-input":{"@type":"PropertyValueSpecification","valueRequired":true,"valueName":"search_term_string"}}],"inLanguage":"es"}]}},"_links":{"self":[{"href":"https:\/\/www.sinusitistreatmentnyc.com\/es\/wp-json\/wp\/v2\/pages\/1076","targetHints":{"allow":["GET"]}}],"collection":[{"href":"https:\/\/www.sinusitistreatmentnyc.com\/es\/wp-json\/wp\/v2\/pages"}],"about":[{"href":"https:\/\/www.sinusitistreatmentnyc.com\/es\/wp-json\/wp\/v2\/types\/page"}],"author":[{"embeddable":true,"href":"https:\/\/www.sinusitistreatmentnyc.com\/es\/wp-json\/wp\/v2\/users\/1"}],"replies":[{"embeddable":true,"href":"https:\/\/www.sinusitistreatmentnyc.com\/es\/wp-json\/wp\/v2\/comments?post=1076"}],"version-history":[{"count":3,"href":"https:\/\/www.sinusitistreatmentnyc.com\/es\/wp-json\/wp\/v2\/pages\/1076\/revisions"}],"predecessor-version":[{"id":1190,"href":"https:\/\/www.sinusitistreatmentnyc.com\/es\/wp-json\/wp\/v2\/pages\/1076\/revisions\/1190"}],"up":[{"embeddable":true,"href":"https:\/\/www.sinusitistreatmentnyc.com\/es\/wp-json\/wp\/v2\/pages\/1071"}],"wp:attachment":[{"href":"https:\/\/www.sinusitistreatmentnyc.com\/es\/wp-json\/wp\/v2\/media?parent=1076"}],"curies":[{"name":"wp","href":"https:\/\/api.w.org\/{rel}","templated":true}]}}