{"id":1071,"date":"2021-08-03T13:55:07","date_gmt":"2021-08-03T13:55:07","guid":{"rendered":"https:\/\/www.sinusitistreatmentnyc.com\/?page_id=1071"},"modified":"2021-08-05T09:00:50","modified_gmt":"2021-08-05T09:00:50","slug":"informacion-sobre-la-sinusitis","status":"publish","type":"page","link":"https:\/\/www.sinusitistreatmentnyc.com\/es\/sinusitis\/","title":{"rendered":"Informaci\u00f3n Sobre la Sinusitis"},"content":{"rendered":"<h1>\u00bfQU\u00c9 ES LA SINUSITIS?<\/h1>\n<p>Cuando los senos paranasales se inflaman, generalmente como consecuencia de una infecci\u00f3n u otros problemas de salud, la afecci\u00f3n se la conoce como sinusitis. Existe un gran n\u00famero de s\u00edntomas asociados con la sinusitis, por lo que cada paciente responder\u00e1 de manera diferente a la medicaci\u00f3n y a los otros tratamientos a corto plazo que se le suministren. Los s\u00edntomas m\u00e1s comunes incluyen el taponamiento de nariz o las secreciones nasales, los dolores de cabeza sinusales, dificultades respiratorias e incluso fiebre. Sin embargo, otros s\u00edntomas como dolores faciales o hinchaz\u00f3n, mal aliento y dolor de muelas no son poco comunes.<\/p>\n<p>Estos problemas son el resultado de tener los senos paranasales inflamados, causado por una infecci\u00f3n u otro padecimiento no diagnosticado, como, por ejemplo, un debilitamiento del sistema inmunol\u00f3gico. Recibir un diagn\u00f3stico acertado de sinusitis es tan solo la mitad de la batalla, ya que a partir de \u00e9ste necesitar\u00e1 obtener las opciones de tratamiento adecuadas para encontrar un alivio duradero de los s\u00edntomas. La sinusitis suele durar entre 2 y 3 semanas. Sin embargo, para muchos pacientes, estos episodios son muy frecuentes y sus s\u00edntomas no se reducen con la medicaci\u00f3n, por lo que el problema suele denominarse com\u00fanmente sinusitis persistente o cr\u00f3nica, y puede requerir tratamiento especializado mediante cirug\u00eda o incluso una sinuplastia con bal\u00f3n.<\/p>\n<h2>TRATAMIENTO DE SINUSITIS MEDIANTE SINUPLASTIA CON BAL\u00d3N<\/h2>\n<p>Aunque existen medidas que usted puede tomar en casa y que le ayudar\u00e1n a reducir el impacto de una sinusitis, es importante tener en cuenta que deber\u00e1 buscar el consejo de un m\u00e9dico calificado, que le ofrezca los beneficios de una adecuada combinaci\u00f3n de tratamientos. Unos simples cambios en su estilo de vida, como el adecuado descanso y aumento en su ingesta de l\u00edquidos, pueden ayudar a aliviar los s\u00edntomas en gran medida. Los enjuagues de nariz con agua salada junto con el uso de los medicamentos adecuados tambi\u00e9n proporcionar\u00e1n alivio en la mayor\u00eda de los casos.<\/p>\n<p>Cuando usted haya agotado todos los remedios caseros y medicinales, pero siga aun experimentando los s\u00edntomas graves de la sinusitis, habr\u00e1 llegado la hora de considerar nuevas y alternativas opciones de tratamientos, para lo que tambi\u00e9n ser\u00e1 importante obtener un diagn\u00f3stico correcto con el que determinar si est\u00e1 sufriendo de sinusitis aguda o cr\u00f3nica. El Dr. Greg Levitin podr\u00e1 proporcionarle el alivio que usted necesita a trav\u00e9s del uso de un procedimiento conocido como Sinuplastia con bal\u00f3n.<\/p>\n<ul>\n<li>SINUSITIS AGUDA Y CR\u00d3NICA<\/li>\n<li>\u00bfCU\u00c1LES SON LOS S\u00cdNTOMAS DE LA SINUSITIS?<\/li>\n<li>\u00bfQU\u00c9 CAUSA LA SINUSITIS?<\/li>\n<\/ul>\n<p>A diferencia de las opciones quir\u00fargicas para abrir los senos paranasales, la sinuplastia con bal\u00f3n proporciona un alivio r\u00e1pido y efectivo, adem\u00e1s de ser m\u00ednimamente invasivo y seguro. El tiempo de recuperaci\u00f3n tras someterse a dicho procedimiento es mucho m\u00e1s reducido, facilitando que la mayor\u00eda de los pacientes puedan volver al trabajo durante la misma semana. El Dr. Greg Levitin es un consumado cirujano que ha llevado a cabo miles de procedimientos ayudando a que sus pacientes hayan vuelto, una vez m\u00e1s, a respirar tranquilos y evitando las persistentes infecciones nasales.<\/p>\n<p>Si desea obtener m\u00e1s informaci\u00f3n acerca de los s\u00edntomas, causas y tratamientos para la sinusitis, comun\u00edquese con el Dr. Greg Levitin hoy mismo y programe una consulta. \u00a1El tratamiento efectivo est\u00e1 a la vuelta de la esquina!<\/p>\n","protected":false},"excerpt":{"rendered":"<p>\u00bfQU\u00c9 ES LA SINUSITIS? Cuando los senos paranasales se inflaman, generalmente como consecuencia de una infecci\u00f3n u otros problemas de salud, la afecci\u00f3n se la conoce como sinusitis. Existe un gran n\u00famero de s\u00edntomas asociados con la sinusitis, por lo que cada paciente responder\u00e1 de manera diferente a la medicaci\u00f3n y a los otros tratamientos&#8230;<\/p>\n<p><a class=\"btn btn-secondary\" href=\"https:\/\/www.sinusitistreatmentnyc.com\/es\/sinusitis\/\">Continue reading <i class=\"fas fa-arrow-right\"><\/i><\/a><\/p>\n","protected":false},"author":1,"featured_media":0,"parent":0,"menu_order":0,"comment_status":"closed","ping_status":"closed","template":"","meta":{"_acf_changed":false,"footnotes":""},"class_list":["post-1071","page","type-page","status-publish","hentry"],"acf":[],"yoast_head":"<!-- This site is optimized with the Yoast SEO plugin v26.9 - https:\/\/yoast.com\/product\/yoast-seo-wordpress\/ -->\n<title>\u00bfQu\u00e9 es la Sinusitis? | Especialista en Infecciones en los Seno Paranasales en Manhattan, Nueva York<\/title>\n<meta name=\"description\" content=\"\u00bfQu\u00e9 es la sinusitis y qu\u00e9 tratamiento requiere? Cuando los medicamentos y los cambios en el estilo de vida no proporcionan el esperado alivio en las infecciones de los senos paranasales, pregunte acerca de la sinuplastia con bal\u00f3n que realiza el Dr. Gregory Levitin M.D.\" \/>\n<meta name=\"robots\" content=\"index, follow, max-snippet:-1, max-image-preview:large, max-video-preview:-1\" \/>\n<link rel=\"canonical\" href=\"https:\/\/www.sinusitistreatmentnyc.com\/es\/sinusitis\/\" \/>\n<meta property=\"og:locale\" content=\"es_ES\" \/>\n<meta property=\"og:type\" content=\"article\" \/>\n<meta property=\"og:title\" content=\"\u00bfQu\u00e9 es la Sinusitis? | Especialista en Infecciones en los Seno Paranasales en Manhattan, Nueva York\" \/>\n<meta property=\"og:description\" content=\"\u00bfQu\u00e9 es la sinusitis y qu\u00e9 tratamiento requiere? Cuando los medicamentos y los cambios en el estilo de vida no proporcionan el esperado alivio en las infecciones de los senos paranasales, pregunte acerca de la sinuplastia con bal\u00f3n que realiza el Dr. Gregory Levitin M.D.\" \/>\n<meta property=\"og:url\" content=\"https:\/\/www.sinusitistreatmentnyc.com\/es\/sinusitis\/\" \/>\n<meta property=\"og:site_name\" content=\"New York Sinusitis Treatment\" \/>\n<meta property=\"article:modified_time\" content=\"2021-08-05T09:00:50+00:00\" \/>\n<meta name=\"twitter:card\" content=\"summary_large_image\" \/>\n<!-- \/ Yoast SEO plugin. -->","yoast_head_json":{"title":"\u00bfQu\u00e9 es la Sinusitis? | Especialista en Infecciones en los Seno Paranasales en Manhattan, Nueva York","description":"\u00bfQu\u00e9 es la sinusitis y qu\u00e9 tratamiento requiere? Cuando los medicamentos y los cambios en el estilo de vida no proporcionan el esperado alivio en las infecciones de los senos paranasales, pregunte acerca de la sinuplastia con bal\u00f3n que realiza el Dr. Gregory Levitin M.D.","robots":{"index":"index","follow":"follow","max-snippet":"max-snippet:-1","max-image-preview":"max-image-preview:large","max-video-preview":"max-video-preview:-1"},"canonical":"https:\/\/www.sinusitistreatmentnyc.com\/es\/sinusitis\/","og_locale":"es_ES","og_type":"article","og_title":"\u00bfQu\u00e9 es la Sinusitis? | Especialista en Infecciones en los Seno Paranasales en Manhattan, Nueva York","og_description":"\u00bfQu\u00e9 es la sinusitis y qu\u00e9 tratamiento requiere? Cuando los medicamentos y los cambios en el estilo de vida no proporcionan el esperado alivio en las infecciones de los senos paranasales, pregunte acerca de la sinuplastia con bal\u00f3n que realiza el Dr. Gregory Levitin M.D.","og_url":"https:\/\/www.sinusitistreatmentnyc.com\/es\/sinusitis\/","og_site_name":"New York Sinusitis Treatment","article_modified_time":"2021-08-05T09:00:50+00:00","twitter_card":"summary_large_image","schema":{"@context":"https:\/\/schema.org","@graph":[{"@type":"WebPage","@id":"https:\/\/www.sinusitistreatmentnyc.com\/es\/sinusitis\/","url":"https:\/\/www.sinusitistreatmentnyc.com\/es\/sinusitis\/","name":"\u00bfQu\u00e9 es la Sinusitis? | Especialista en Infecciones en los Seno Paranasales en Manhattan, Nueva York","isPartOf":{"@id":"https:\/\/www.sinusitistreatmentnyc.com\/es\/#website"},"datePublished":"2021-08-03T13:55:07+00:00","dateModified":"2021-08-05T09:00:50+00:00","description":"\u00bfQu\u00e9 es la sinusitis y qu\u00e9 tratamiento requiere? Cuando los medicamentos y los cambios en el estilo de vida no proporcionan el esperado alivio en las infecciones de los senos paranasales, pregunte acerca de la sinuplastia con bal\u00f3n que realiza el Dr. Gregory Levitin M.D.","breadcrumb":{"@id":"https:\/\/www.sinusitistreatmentnyc.com\/es\/sinusitis\/#breadcrumb"},"inLanguage":"es","potentialAction":[{"@type":"ReadAction","target":["https:\/\/www.sinusitistreatmentnyc.com\/es\/sinusitis\/"]}]},{"@type":"BreadcrumbList","@id":"https:\/\/www.sinusitistreatmentnyc.com\/es\/sinusitis\/#breadcrumb","itemListElement":[{"@type":"ListItem","position":1,"name":"Home","item":"https:\/\/www.sinusitistreatmentnyc.com\/es\/"},{"@type":"ListItem","position":2,"name":"Informaci\u00f3n Sobre la Sinusitis"}]},{"@type":"WebSite","@id":"https:\/\/www.sinusitistreatmentnyc.com\/es\/#website","url":"https:\/\/www.sinusitistreatmentnyc.com\/es\/","name":"New York Sinusitis Treatment","description":"","potentialAction":[{"@type":"SearchAction","target":{"@type":"EntryPoint","urlTemplate":"https:\/\/www.sinusitistreatmentnyc.com\/es\/?s={search_term_string}"},"query-input":{"@type":"PropertyValueSpecification","valueRequired":true,"valueName":"search_term_string"}}],"inLanguage":"es"}]}},"_links":{"self":[{"href":"https:\/\/www.sinusitistreatmentnyc.com\/es\/wp-json\/wp\/v2\/pages\/1071","targetHints":{"allow":["GET"]}}],"collection":[{"href":"https:\/\/www.sinusitistreatmentnyc.com\/es\/wp-json\/wp\/v2\/pages"}],"about":[{"href":"https:\/\/www.sinusitistreatmentnyc.com\/es\/wp-json\/wp\/v2\/types\/page"}],"author":[{"embeddable":true,"href":"https:\/\/www.sinusitistreatmentnyc.com\/es\/wp-json\/wp\/v2\/users\/1"}],"replies":[{"embeddable":true,"href":"https:\/\/www.sinusitistreatmentnyc.com\/es\/wp-json\/wp\/v2\/comments?post=1071"}],"version-history":[{"count":3,"href":"https:\/\/www.sinusitistreatmentnyc.com\/es\/wp-json\/wp\/v2\/pages\/1071\/revisions"}],"predecessor-version":[{"id":1187,"href":"https:\/\/www.sinusitistreatmentnyc.com\/es\/wp-json\/wp\/v2\/pages\/1071\/revisions\/1187"}],"wp:attachment":[{"href":"https:\/\/www.sinusitistreatmentnyc.com\/es\/wp-json\/wp\/v2\/media?parent=1071"}],"curies":[{"name":"wp","href":"https:\/\/api.w.org\/{rel}","templated":true}]}}