{"id":1063,"date":"2021-08-03T12:12:10","date_gmt":"2021-08-03T12:12:10","guid":{"rendered":"https:\/\/www.sinusitistreatmentnyc.com\/?page_id=1063"},"modified":"2021-09-07T22:04:01","modified_gmt":"2021-09-07T22:04:01","slug":"congestion-sinusal","status":"publish","type":"page","link":"https:\/\/www.sinusitistreatmentnyc.com\/es\/congestion-sinusal\/","title":{"rendered":"Congesti\u00f3n Sinusal"},"content":{"rendered":"<h1>TRATAMIENTO DE LA CONGESTI\u00d3N NASAL Y SINUSAL<\/h1>\n<p>Si usted ha sufrido frecuentemente de congestiones sinusales, habr\u00e1 notado que los s\u00edntomas pueden pasar de un extremo a otro, llegando incluso a abarcar dificultades respiratorias. Independientemente de lo leve o grave que resulte cada uno de estos episodios, en lo que respecta a los s\u00edntomas que se padezcan, es posible que todos tengan una misma causa com\u00fan. Un sistema inmunol\u00f3gico debilitado, una sinusitis cr\u00f3nica o las alergias son solo algunas de las razones por las que los senos paranasales se suelen congestionar. Si hasta hoy usted no ha conseguido encontrar el diagn\u00f3stico ni el tratamiento correctos, es posible que nunca obtenga un alivio efectivo y definitivo a su padecimiento, ya que la mayor\u00eda de los medicamentos son, en gran medida, insuficientes contra gran parte de los problemas que afectan com\u00fanmente a los senos paranasales.<\/p>\n<p>Adem\u00e1s, es probable que los medicamentos que le han proporcionado cierto grado de alivio no solucionen todos los problemas de salud que contribuyen a que se produzca dicha congesti\u00f3n sinusal. Si no se trata adecuadamente, la sinusitis cr\u00f3nica recurrente puede provocar un da\u00f1o severo al revestimiento de los senos paranasales, haciendo que los s\u00edntomas se vuelvan cada vez m\u00e1s graves y causando otras complicaciones como presi\u00f3n, dolor en la cara o dolores de cabeza que no consiguen ser aliviados ni siquiera con los analg\u00e9sicos m\u00e1s potentes.<\/p>\n<p>Cada medicamento debe ser el adecuado para cada prop\u00f3sito, por lo que es importante buscar un diagn\u00f3stico acertado que determine por qu\u00e9 sus senos paranasales se congestionan con frecuencia. Si el problema tiene m\u00e1s de una causa, es muy probable que el Dr. Greg Levitin pueda ofrecerle un tratamiento integral que le proporcione un alivio efectivo. Uno de los aspectos m\u00e1s importante de la b\u00fasqueda de un diagn\u00f3stico correcto con nosotros es que le ofreceremos la oportunidad de beneficiarse de los tratamientos y el apoyo que llegara a necesitar, y esto ocurrir\u00e1 tanto si es tratado directamente por el Dr. Levitin y su equipo, como si es a trav\u00e9s de otro especialista relevante que le recomendemos.<\/p>\n<h2>TRATAMIENTOS PERSONALIZADOS<\/h2>\n<p>El Dr. Greg Levitin desarrolla tratamientos individualizados dise\u00f1ados para proporcionar a cada paciente un alivio seguro y eficaz para la congesti\u00f3n sinusal y los problemas nasales cr\u00f3nicos que le pudieran afectar. Los tratamientos incluyen, entre otros muchos, la sinuplastia con bal\u00f3n, el ClariFix para la rinitis cr\u00f3nica, la cirug\u00eda de reducci\u00f3n de cornetes nasales y la remodelaci\u00f3n de las v\u00edas respiratorias nasales mediante Vivaer. En algunos casos, el Dr. Greg Levitin le podr\u00e1 recomendar la realizaci\u00f3n de una combinaci\u00f3n de tratamientos para abordar los s\u00edntomas de diferentes problemas que est\u00e9n afectando su salud. Sin embargo, el objetivo en nuestra cl\u00ednica es, en primera instancia, explorar las opciones que resulten m\u00ednimamente invasivas.<\/p>\n<p>Entendemos que algunos de estos procedimientos pueden llegar a sonar algo atemorizantes, pero es por ello precisamente, que el Dr. Greg Levitin y su equipo se toman el tiempo que sea necesario para proporcionar a los pacientes todas las explicaciones que lleven a una f\u00e1cil comprensi\u00f3n del diagn\u00f3stico y los tratamientos que considere apropiados para llevarse a cabo. Nuestro objetivo es siempre apoyar a cada paciente en su experiencia y situaci\u00f3n individual. Si usted tiene alguna duda sobre sus posibilidades de asistir o pagar por un tratamiento con nosotros, cont\u00e1ctenos y con gusto le ayudaremos a encontrar una soluci\u00f3n que le tranquilice.<\/p>\n<p>Para mantener una conversaci\u00f3n honesta y comprensiva respecto al tratamiento que usted necesita para tratar su congesti\u00f3n nasal, p\u00f3ngase hoy mismo en contacto con el Dr. Greg Levitin.<\/p>\n","protected":false},"excerpt":{"rendered":"<p>TRATAMIENTO DE LA CONGESTI\u00d3N NASAL Y SINUSAL Si usted ha sufrido frecuentemente de congestiones sinusales, habr\u00e1 notado que los s\u00edntomas pueden pasar de un extremo a otro, llegando incluso a abarcar dificultades respiratorias. Independientemente de lo leve o grave que resulte cada uno de estos episodios, en lo que respecta a los s\u00edntomas que se&#8230;<\/p>\n<p><a class=\"btn btn-secondary\" href=\"https:\/\/www.sinusitistreatmentnyc.com\/es\/congestion-sinusal\/\">Continue reading <i class=\"fas fa-arrow-right\"><\/i><\/a><\/p>\n","protected":false},"author":1,"featured_media":0,"parent":0,"menu_order":0,"comment_status":"closed","ping_status":"closed","template":"","meta":{"_acf_changed":false,"footnotes":""},"class_list":["post-1063","page","type-page","status-publish","hentry"],"acf":[],"yoast_head":"<!-- This site is optimized with the Yoast SEO plugin v27.4 - https:\/\/yoast.com\/product\/yoast-seo-wordpress\/ -->\n<title>Tratamiento y Alivio Contra la Congesti\u00f3n Sinusal en Nueva York | Manhattan, Nueva York<\/title>\n<meta name=\"description\" content=\"\u00bfSus senos paranasales est\u00e1n continuamente congestionados? Despu\u00e9s de programar una cita en el consultorio del Dr. Greg Levitin, comenzar\u00e1 a obtener el alivio que siempre ha estado buscando.\" \/>\n<meta name=\"robots\" content=\"index, follow, max-snippet:-1, max-image-preview:large, max-video-preview:-1\" \/>\n<link rel=\"canonical\" href=\"https:\/\/www.sinusitistreatmentnyc.com\/es\/congestion-sinusal\/\" \/>\n<meta property=\"og:locale\" content=\"es_ES\" \/>\n<meta property=\"og:type\" content=\"article\" \/>\n<meta property=\"og:title\" content=\"Tratamiento y Alivio Contra la Congesti\u00f3n Sinusal en Nueva York | Manhattan, Nueva York\" \/>\n<meta property=\"og:description\" content=\"\u00bfSus senos paranasales est\u00e1n continuamente congestionados? Despu\u00e9s de programar una cita en el consultorio del Dr. Greg Levitin, comenzar\u00e1 a obtener el alivio que siempre ha estado buscando.\" \/>\n<meta property=\"og:url\" content=\"https:\/\/www.sinusitistreatmentnyc.com\/es\/congestion-sinusal\/\" \/>\n<meta property=\"og:site_name\" content=\"New York Sinusitis Treatment\" \/>\n<meta property=\"article:modified_time\" content=\"2021-09-07T22:04:01+00:00\" \/>\n<meta name=\"twitter:card\" content=\"summary_large_image\" \/>\n<!-- \/ Yoast SEO plugin. -->","yoast_head_json":{"title":"Tratamiento y Alivio Contra la Congesti\u00f3n Sinusal en Nueva York | Manhattan, Nueva York","description":"\u00bfSus senos paranasales est\u00e1n continuamente congestionados? Despu\u00e9s de programar una cita en el consultorio del Dr. Greg Levitin, comenzar\u00e1 a obtener el alivio que siempre ha estado buscando.","robots":{"index":"index","follow":"follow","max-snippet":"max-snippet:-1","max-image-preview":"max-image-preview:large","max-video-preview":"max-video-preview:-1"},"canonical":"https:\/\/www.sinusitistreatmentnyc.com\/es\/congestion-sinusal\/","og_locale":"es_ES","og_type":"article","og_title":"Tratamiento y Alivio Contra la Congesti\u00f3n Sinusal en Nueva York | Manhattan, Nueva York","og_description":"\u00bfSus senos paranasales est\u00e1n continuamente congestionados? Despu\u00e9s de programar una cita en el consultorio del Dr. Greg Levitin, comenzar\u00e1 a obtener el alivio que siempre ha estado buscando.","og_url":"https:\/\/www.sinusitistreatmentnyc.com\/es\/congestion-sinusal\/","og_site_name":"New York Sinusitis Treatment","article_modified_time":"2021-09-07T22:04:01+00:00","twitter_card":"summary_large_image","schema":{"@context":"https:\/\/schema.org","@graph":[{"@type":"WebPage","@id":"https:\/\/www.sinusitistreatmentnyc.com\/es\/congestion-sinusal\/","url":"https:\/\/www.sinusitistreatmentnyc.com\/es\/congestion-sinusal\/","name":"Tratamiento y Alivio Contra la Congesti\u00f3n Sinusal en Nueva York | Manhattan, Nueva York","isPartOf":{"@id":"https:\/\/www.sinusitistreatmentnyc.com\/es\/#website"},"datePublished":"2021-08-03T12:12:10+00:00","dateModified":"2021-09-07T22:04:01+00:00","description":"\u00bfSus senos paranasales est\u00e1n continuamente congestionados? Despu\u00e9s de programar una cita en el consultorio del Dr. Greg Levitin, comenzar\u00e1 a obtener el alivio que siempre ha estado buscando.","breadcrumb":{"@id":"https:\/\/www.sinusitistreatmentnyc.com\/es\/congestion-sinusal\/#breadcrumb"},"inLanguage":"es","potentialAction":[{"@type":"ReadAction","target":["https:\/\/www.sinusitistreatmentnyc.com\/es\/congestion-sinusal\/"]}]},{"@type":"BreadcrumbList","@id":"https:\/\/www.sinusitistreatmentnyc.com\/es\/congestion-sinusal\/#breadcrumb","itemListElement":[{"@type":"ListItem","position":1,"name":"Home","item":"https:\/\/www.sinusitistreatmentnyc.com\/es\/"},{"@type":"ListItem","position":2,"name":"Congesti\u00f3n Sinusal"}]},{"@type":"WebSite","@id":"https:\/\/www.sinusitistreatmentnyc.com\/es\/#website","url":"https:\/\/www.sinusitistreatmentnyc.com\/es\/","name":"New York Sinusitis Treatment","description":"","potentialAction":[{"@type":"SearchAction","target":{"@type":"EntryPoint","urlTemplate":"https:\/\/www.sinusitistreatmentnyc.com\/es\/?s={search_term_string}"},"query-input":{"@type":"PropertyValueSpecification","valueRequired":true,"valueName":"search_term_string"}}],"inLanguage":"es"}]}},"_links":{"self":[{"href":"https:\/\/www.sinusitistreatmentnyc.com\/es\/wp-json\/wp\/v2\/pages\/1063","targetHints":{"allow":["GET"]}}],"collection":[{"href":"https:\/\/www.sinusitistreatmentnyc.com\/es\/wp-json\/wp\/v2\/pages"}],"about":[{"href":"https:\/\/www.sinusitistreatmentnyc.com\/es\/wp-json\/wp\/v2\/types\/page"}],"author":[{"embeddable":true,"href":"https:\/\/www.sinusitistreatmentnyc.com\/es\/wp-json\/wp\/v2\/users\/1"}],"replies":[{"embeddable":true,"href":"https:\/\/www.sinusitistreatmentnyc.com\/es\/wp-json\/wp\/v2\/comments?post=1063"}],"version-history":[{"count":4,"href":"https:\/\/www.sinusitistreatmentnyc.com\/es\/wp-json\/wp\/v2\/pages\/1063\/revisions"}],"predecessor-version":[{"id":1236,"href":"https:\/\/www.sinusitistreatmentnyc.com\/es\/wp-json\/wp\/v2\/pages\/1063\/revisions\/1236"}],"wp:attachment":[{"href":"https:\/\/www.sinusitistreatmentnyc.com\/es\/wp-json\/wp\/v2\/media?parent=1063"}],"curies":[{"name":"wp","href":"https:\/\/api.w.org\/{rel}","templated":true}]}}