{"id":1053,"date":"2021-08-03T11:35:38","date_gmt":"2021-08-03T11:35:38","guid":{"rendered":"https:\/\/www.sinusitistreatmentnyc.com\/?page_id=1053"},"modified":"2021-08-05T09:03:56","modified_gmt":"2021-08-05T09:03:56","slug":"problemas-nasales-cronicos","status":"publish","type":"page","link":"https:\/\/www.sinusitistreatmentnyc.com\/es\/problemas-nasales-cronicos\/","title":{"rendered":"Problemas Nasales Cr\u00f3nicos"},"content":{"rendered":"<h1>Problemas Nasales Cr\u00f3nicos<\/h1>\n<p>\u00bfSufre usted de diferentes padecimientos nasales cr\u00f3nicos que ocurren individualmente o todos a la vez? Estos problemas son generalmente indicativos de enfermedades como la sinusitis, resultante de la inflamaci\u00f3n de los senos paranasales. Cuando \u00e9stos se infectan despu\u00e9s de un resfriado, gripe u otro problema m\u00e9dico, toda una serie de s\u00edntomas se presentar\u00e1n en dichas cavidades nasales. Algunos de los m\u00e1s comunes ser\u00e1n el constante taponamiento nasal, las continuas secreciones, dolor de garganta y dolores de cabeza concentrados alrededor de los senos paranasales.<\/p>\n<p>Si bien es habitual experimentar algunos de estos s\u00edntomas durante unas semanas cuando se est\u00e1 sufriendo un resfriado o una gripe, cuando los problemas nasales persisten durante 12 semanas o m\u00e1s, suelen ser indicativos de sinusitis. Es probable que los medicamentos no causen ning\u00fan efecto sobre los s\u00edntomas y la infecci\u00f3n se vuelva frecuente y recurrente. Los problemas nasales cr\u00f3nicos requieren de un tratamiento especializado, de lo contrario se puede producir un da\u00f1o adicional que agrave los s\u00edntomas con cada nueva infecci\u00f3n.<\/p>\n<p>Los problemas nasales cr\u00f3nicos tambi\u00e9n pueden producirse como resultado de padecimientos como alergias, asma o deficiencias en el sistema inmunol\u00f3gico. Igualmente ocurre de manera inversa, cuando unos problemas que inician en las cavidades nasales pueden llegar a causar un efecto adverso en el estado de salud mediante la propagaci\u00f3n de una infecci\u00f3n o el empeoramiento de los s\u00edntomas comunes. El tratamiento de problemas nasales cr\u00f3nicos no proporciona una cura para el asma o las alergias, pero reduce de manera significativa el impacto que causa a su salud y bienestar general cualquiera de sus s\u00edntomas.<\/p>\n<h2>P\u00f3lipos Nasales<\/h2>\n<p>Los p\u00f3lipos nasales son tumores benignos que se desarrollan en el revestimiento de las cavidades nasales o senos paranasales. Dependiendo de la ubicaci\u00f3n y el tama\u00f1o de estos, pueden limitar, dificultar o incluso obstruir por completo la respiraci\u00f3n por la nariz, provocando la acumulaci\u00f3n de mucosidad y aumentando el riesgo de infecciones relacionadas con la sinusitis. Se pueden extirpar los p\u00f3lipos nasales mediante cirug\u00eda u optar por un procedimiento menos invasivo conocido como sinuplastia con bal\u00f3n, que dilata las cavidades nasales, abri\u00e9ndolas y mejorando el flujo de aire.<\/p>\n<p>Si usted sufre de problemas nasales cr\u00f3nicos, incluyendo la sinusitis, los p\u00f3lipos nasales pueden ser una de las causas principales que lo provocan. A menudo se demuestra que los pacientes que presentan s\u00edntomas m\u00e1s severos de sinusitis tienen p\u00f3lipos nasales, lo que contribuye a que se produzca una inflamaci\u00f3n. Los p\u00f3lipos nasales pueden volver a reproducirse despu\u00e9s de su extirpaci\u00f3n, por lo que es importante ser tratado por un m\u00e9dico especializado que proporcione un tratamiento que mejore el pron\u00f3stico general del paciente. Cuando el Dr. Greg Levitin tiene indicios de que sus problemas nasales son causados por la aparici\u00f3n de p\u00f3lipos nasales, toma muestras a las que realiza pruebas de laboratorio antes de recomendar cualquier otra opci\u00f3n de tratamiento.<\/p>\n<p>Para obtener un tratamiento eficaz que solucione sus problemas nasales cr\u00f3nicos o p\u00f3lipos nasales, p\u00f3ngase en contacto con nuestra cl\u00ednica hoy mismo. Contamos con las mejores t\u00e9cnicas y herramientas de diagn\u00f3stico necesarias para la realizaci\u00f3n de procedimientos seguros y duraderos, adecuados para pacientes de todas las edades.<\/p>\n","protected":false},"excerpt":{"rendered":"<p>Problemas Nasales Cr\u00f3nicos \u00bfSufre usted de diferentes padecimientos nasales cr\u00f3nicos que ocurren individualmente o todos a la vez? Estos problemas son generalmente indicativos de enfermedades como la sinusitis, resultante de la inflamaci\u00f3n de los senos paranasales. Cuando \u00e9stos se infectan despu\u00e9s de un resfriado, gripe u otro problema m\u00e9dico, toda una serie de s\u00edntomas se&#8230;<\/p>\n<p><a class=\"btn btn-secondary\" href=\"https:\/\/www.sinusitistreatmentnyc.com\/es\/problemas-nasales-cronicos\/\">Continue reading <i class=\"fas fa-arrow-right\"><\/i><\/a><\/p>\n","protected":false},"author":1,"featured_media":0,"parent":0,"menu_order":0,"comment_status":"closed","ping_status":"closed","template":"","meta":{"_acf_changed":false,"footnotes":""},"class_list":["post-1053","page","type-page","status-publish","hentry"],"acf":[],"yoast_head":"<!-- This site is optimized with the Yoast SEO plugin v27.4 - https:\/\/yoast.com\/product\/yoast-seo-wordpress\/ -->\n<title>Tratamiento de problemas nasales cr\u00f3nicos en Nueva York | P\u00f3lipos nasales en Manhattan<\/title>\n<meta name=\"description\" content=\"\u00bfSufre usted de problemas nasales cr\u00f3nicos? Busque la ayuda del Dr. Greg Levitin. \u00c9l ofrece a sus pacientes soluciones que proporcionan gran alivio contra la sinusitis y otros problemas de salud que afectan las cavidades nasales.\" \/>\n<meta name=\"robots\" content=\"index, follow, max-snippet:-1, max-image-preview:large, max-video-preview:-1\" \/>\n<link rel=\"canonical\" href=\"https:\/\/www.sinusitistreatmentnyc.com\/es\/problemas-nasales-cronicos\/\" \/>\n<meta property=\"og:locale\" content=\"es_ES\" \/>\n<meta property=\"og:type\" content=\"article\" \/>\n<meta property=\"og:title\" content=\"Tratamiento de problemas nasales cr\u00f3nicos en Nueva York | P\u00f3lipos nasales en Manhattan\" \/>\n<meta property=\"og:description\" content=\"\u00bfSufre usted de problemas nasales cr\u00f3nicos? Busque la ayuda del Dr. Greg Levitin. \u00c9l ofrece a sus pacientes soluciones que proporcionan gran alivio contra la sinusitis y otros problemas de salud que afectan las cavidades nasales.\" \/>\n<meta property=\"og:url\" content=\"https:\/\/www.sinusitistreatmentnyc.com\/es\/problemas-nasales-cronicos\/\" \/>\n<meta property=\"og:site_name\" content=\"New York Sinusitis Treatment\" \/>\n<meta property=\"article:modified_time\" content=\"2021-08-05T09:03:56+00:00\" \/>\n<meta name=\"twitter:card\" content=\"summary_large_image\" \/>\n<!-- \/ Yoast SEO plugin. -->","yoast_head_json":{"title":"Tratamiento de problemas nasales cr\u00f3nicos en Nueva York | P\u00f3lipos nasales en Manhattan","description":"\u00bfSufre usted de problemas nasales cr\u00f3nicos? Busque la ayuda del Dr. Greg Levitin. \u00c9l ofrece a sus pacientes soluciones que proporcionan gran alivio contra la sinusitis y otros problemas de salud que afectan las cavidades nasales.","robots":{"index":"index","follow":"follow","max-snippet":"max-snippet:-1","max-image-preview":"max-image-preview:large","max-video-preview":"max-video-preview:-1"},"canonical":"https:\/\/www.sinusitistreatmentnyc.com\/es\/problemas-nasales-cronicos\/","og_locale":"es_ES","og_type":"article","og_title":"Tratamiento de problemas nasales cr\u00f3nicos en Nueva York | P\u00f3lipos nasales en Manhattan","og_description":"\u00bfSufre usted de problemas nasales cr\u00f3nicos? Busque la ayuda del Dr. Greg Levitin. \u00c9l ofrece a sus pacientes soluciones que proporcionan gran alivio contra la sinusitis y otros problemas de salud que afectan las cavidades nasales.","og_url":"https:\/\/www.sinusitistreatmentnyc.com\/es\/problemas-nasales-cronicos\/","og_site_name":"New York Sinusitis Treatment","article_modified_time":"2021-08-05T09:03:56+00:00","twitter_card":"summary_large_image","schema":{"@context":"https:\/\/schema.org","@graph":[{"@type":"WebPage","@id":"https:\/\/www.sinusitistreatmentnyc.com\/es\/problemas-nasales-cronicos\/","url":"https:\/\/www.sinusitistreatmentnyc.com\/es\/problemas-nasales-cronicos\/","name":"Tratamiento de problemas nasales cr\u00f3nicos en Nueva York | P\u00f3lipos nasales en Manhattan","isPartOf":{"@id":"https:\/\/www.sinusitistreatmentnyc.com\/es\/#website"},"datePublished":"2021-08-03T11:35:38+00:00","dateModified":"2021-08-05T09:03:56+00:00","description":"\u00bfSufre usted de problemas nasales cr\u00f3nicos? Busque la ayuda del Dr. Greg Levitin. \u00c9l ofrece a sus pacientes soluciones que proporcionan gran alivio contra la sinusitis y otros problemas de salud que afectan las cavidades nasales.","breadcrumb":{"@id":"https:\/\/www.sinusitistreatmentnyc.com\/es\/problemas-nasales-cronicos\/#breadcrumb"},"inLanguage":"es","potentialAction":[{"@type":"ReadAction","target":["https:\/\/www.sinusitistreatmentnyc.com\/es\/problemas-nasales-cronicos\/"]}]},{"@type":"BreadcrumbList","@id":"https:\/\/www.sinusitistreatmentnyc.com\/es\/problemas-nasales-cronicos\/#breadcrumb","itemListElement":[{"@type":"ListItem","position":1,"name":"Home","item":"https:\/\/www.sinusitistreatmentnyc.com\/es\/"},{"@type":"ListItem","position":2,"name":"Problemas Nasales Cr\u00f3nicos"}]},{"@type":"WebSite","@id":"https:\/\/www.sinusitistreatmentnyc.com\/es\/#website","url":"https:\/\/www.sinusitistreatmentnyc.com\/es\/","name":"New York Sinusitis Treatment","description":"","potentialAction":[{"@type":"SearchAction","target":{"@type":"EntryPoint","urlTemplate":"https:\/\/www.sinusitistreatmentnyc.com\/es\/?s={search_term_string}"},"query-input":{"@type":"PropertyValueSpecification","valueRequired":true,"valueName":"search_term_string"}}],"inLanguage":"es"}]}},"_links":{"self":[{"href":"https:\/\/www.sinusitistreatmentnyc.com\/es\/wp-json\/wp\/v2\/pages\/1053","targetHints":{"allow":["GET"]}}],"collection":[{"href":"https:\/\/www.sinusitistreatmentnyc.com\/es\/wp-json\/wp\/v2\/pages"}],"about":[{"href":"https:\/\/www.sinusitistreatmentnyc.com\/es\/wp-json\/wp\/v2\/types\/page"}],"author":[{"embeddable":true,"href":"https:\/\/www.sinusitistreatmentnyc.com\/es\/wp-json\/wp\/v2\/users\/1"}],"replies":[{"embeddable":true,"href":"https:\/\/www.sinusitistreatmentnyc.com\/es\/wp-json\/wp\/v2\/comments?post=1053"}],"version-history":[{"count":5,"href":"https:\/\/www.sinusitistreatmentnyc.com\/es\/wp-json\/wp\/v2\/pages\/1053\/revisions"}],"predecessor-version":[{"id":1191,"href":"https:\/\/www.sinusitistreatmentnyc.com\/es\/wp-json\/wp\/v2\/pages\/1053\/revisions\/1191"}],"wp:attachment":[{"href":"https:\/\/www.sinusitistreatmentnyc.com\/es\/wp-json\/wp\/v2\/media?parent=1053"}],"curies":[{"name":"wp","href":"https:\/\/api.w.org\/{rel}","templated":true}]}}